{"id":7064,"date":"2024-07-01T13:43:33","date_gmt":"2024-07-01T13:43:33","guid":{"rendered":"https:\/\/timeinnportugal.com\/product\/restaurante-acude-lda\/"},"modified":"2024-07-01T13:43:33","modified_gmt":"2024-07-01T13:43:33","slug":"restaurante-acude-lda","status":"publish","type":"product","link":"https:\/\/timeinnportugal.com\/pt-pt\/produto\/restaurante-acude-lda\/","title":{"rendered":"Restaurante A\u00e7ude, Lda"},"content":{"rendered":"<p>Com uma magn\u00edfica panor\u00e2mica sobre o Lima, o\u00a0Restaurante A\u00e7ude\u00a0serve comida tradicional portuguesa de excel\u00eancia e exibe uma garrafeira excecional.<\/p>\n","protected":false},"excerpt":{"rendered":"<p>Com uma magn\u00edfica panor\u00e2mica sobre o Lima, o\u00a0Restaurante A\u00e7ude\u00a0serve comida tradicional portuguesa de excel\u00eancia e exibe uma garrafeira excecional.<\/p>\n","protected":false},"featured_media":0,"comment_status":"open","ping_status":"closed","template":"","meta":[],"product_brand":[],"product_cat":[20],"product_tag":[],"class_list":{"0":"post-7064","1":"product","2":"type-product","3":"status-publish","5":"product_cat-listeo-booking","7":"first","8":"instock","9":"virtual","10":"sold-individually","11":"purchasable","12":"product-type-listing_booking"},"jetpack_sharing_enabled":true,"_links":{"self":[{"href":"https:\/\/timeinnportugal.com\/pt-pt\/wp-json\/wp\/v2\/product\/7064","targetHints":{"allow":["GET"]}}],"collection":[{"href":"https:\/\/timeinnportugal.com\/pt-pt\/wp-json\/wp\/v2\/product"}],"about":[{"href":"https:\/\/timeinnportugal.com\/pt-pt\/wp-json\/wp\/v2\/types\/product"}],"replies":[{"embeddable":true,"href":"https:\/\/timeinnportugal.com\/pt-pt\/wp-json\/wp\/v2\/comments?post=7064"}],"wp:attachment":[{"href":"https:\/\/timeinnportugal.com\/pt-pt\/wp-json\/wp\/v2\/media?parent=7064"}],"wp:term":[{"taxonomy":"product_brand","embeddable":true,"href":"https:\/\/timeinnportugal.com\/pt-pt\/wp-json\/wp\/v2\/product_brand?post=7064"},{"taxonomy":"product_cat","embeddable":true,"href":"https:\/\/timeinnportugal.com\/pt-pt\/wp-json\/wp\/v2\/product_cat?post=7064"},{"taxonomy":"product_tag","embeddable":true,"href":"https:\/\/timeinnportugal.com\/pt-pt\/wp-json\/wp\/v2\/product_tag?post=7064"}],"curies":[{"name":"wp","href":"https:\/\/api.w.org\/{rel}","templated":true}]}}