{"id":6932,"date":"2024-06-29T18:37:05","date_gmt":"2024-06-29T18:37:05","guid":{"rendered":"https:\/\/timeinnportugal.com\/product\/mugs-brunch-coffee\/"},"modified":"2024-06-29T18:37:05","modified_gmt":"2024-06-29T18:37:05","slug":"mugs-brunch-coffee","status":"publish","type":"product","link":"https:\/\/timeinnportugal.com\/pt-pt\/produto\/mugs-brunch-coffee\/","title":{"rendered":"Mugs Brunch Coffee"},"content":{"rendered":"<p>Este lugar \u00e9 conhecido pelo seu excelente servi\u00e7o e funcion\u00e1rios simp\u00e1ticos, sempre prontos para ajud\u00e1-lo.<\/p>\n","protected":false},"excerpt":{"rendered":"<p>Este lugar \u00e9 conhecido pelo seu excelente servi\u00e7o e funcion\u00e1rios simp\u00e1ticos, sempre prontos para ajud\u00e1-lo.<\/p>\n","protected":false},"featured_media":0,"comment_status":"open","ping_status":"closed","template":"","meta":[],"product_brand":[],"product_cat":[20],"product_tag":[],"class_list":{"0":"post-6932","1":"product","2":"type-product","3":"status-publish","5":"product_cat-listeo-booking","7":"first","8":"instock","9":"virtual","10":"sold-individually","11":"purchasable","12":"product-type-listing_booking"},"jetpack_sharing_enabled":true,"_links":{"self":[{"href":"https:\/\/timeinnportugal.com\/pt-pt\/wp-json\/wp\/v2\/product\/6932","targetHints":{"allow":["GET"]}}],"collection":[{"href":"https:\/\/timeinnportugal.com\/pt-pt\/wp-json\/wp\/v2\/product"}],"about":[{"href":"https:\/\/timeinnportugal.com\/pt-pt\/wp-json\/wp\/v2\/types\/product"}],"replies":[{"embeddable":true,"href":"https:\/\/timeinnportugal.com\/pt-pt\/wp-json\/wp\/v2\/comments?post=6932"}],"wp:attachment":[{"href":"https:\/\/timeinnportugal.com\/pt-pt\/wp-json\/wp\/v2\/media?parent=6932"}],"wp:term":[{"taxonomy":"product_brand","embeddable":true,"href":"https:\/\/timeinnportugal.com\/pt-pt\/wp-json\/wp\/v2\/product_brand?post=6932"},{"taxonomy":"product_cat","embeddable":true,"href":"https:\/\/timeinnportugal.com\/pt-pt\/wp-json\/wp\/v2\/product_cat?post=6932"},{"taxonomy":"product_tag","embeddable":true,"href":"https:\/\/timeinnportugal.com\/pt-pt\/wp-json\/wp\/v2\/product_tag?post=6932"}],"curies":[{"name":"wp","href":"https:\/\/api.w.org\/{rel}","templated":true}]}}