{"id":6588,"date":"2024-06-29T17:17:42","date_gmt":"2024-06-29T17:17:42","guid":{"rendered":"https:\/\/timeinnportugal.com\/product\/spices-penha-longa-resort\/"},"modified":"2024-06-29T17:17:42","modified_gmt":"2024-06-29T17:17:42","slug":"spices-penha-longa-resort","status":"publish","type":"product","link":"https:\/\/timeinnportugal.com\/pt-pt\/produto\/spices-penha-longa-resort\/","title":{"rendered":"Spices &#8211; Penha Longa Resort"},"content":{"rendered":"<p>Restaurante Pan Asi\u00e1tico na Penha Longa disp\u00f5e de quatro diferentes cozinhas asi\u00e1ticas- Deixe-se levar por uma viagem pelo melhor da China, Jap\u00e3o, \u00cdndia e Tail\u00e2ndia. Este novo conceito baseia-se na ideia de partilhar, n\u00e3o s\u00f3 sabores, como tamb\u00e9m momentos.<\/p>\n","protected":false},"excerpt":{"rendered":"<p>Restaurante Pan Asi\u00e1tico na Penha Longa disp\u00f5e de quatro diferentes cozinhas asi\u00e1ticas- Deixe-se levar por uma viagem pelo melhor da China, Jap\u00e3o, \u00cdndia e Tail\u00e2ndia. Este novo conceito baseia-se na ideia de partilhar, n\u00e3o s\u00f3 sabores, como tamb\u00e9m momentos.<\/p>\n","protected":false},"featured_media":0,"comment_status":"open","ping_status":"closed","template":"","meta":[],"product_brand":[],"product_cat":[20],"product_tag":[],"class_list":{"0":"post-6588","1":"product","2":"type-product","3":"status-publish","5":"product_cat-listeo-booking","7":"first","8":"instock","9":"virtual","10":"sold-individually","11":"purchasable","12":"product-type-listing_booking"},"jetpack_sharing_enabled":true,"_links":{"self":[{"href":"https:\/\/timeinnportugal.com\/pt-pt\/wp-json\/wp\/v2\/product\/6588","targetHints":{"allow":["GET"]}}],"collection":[{"href":"https:\/\/timeinnportugal.com\/pt-pt\/wp-json\/wp\/v2\/product"}],"about":[{"href":"https:\/\/timeinnportugal.com\/pt-pt\/wp-json\/wp\/v2\/types\/product"}],"replies":[{"embeddable":true,"href":"https:\/\/timeinnportugal.com\/pt-pt\/wp-json\/wp\/v2\/comments?post=6588"}],"wp:attachment":[{"href":"https:\/\/timeinnportugal.com\/pt-pt\/wp-json\/wp\/v2\/media?parent=6588"}],"wp:term":[{"taxonomy":"product_brand","embeddable":true,"href":"https:\/\/timeinnportugal.com\/pt-pt\/wp-json\/wp\/v2\/product_brand?post=6588"},{"taxonomy":"product_cat","embeddable":true,"href":"https:\/\/timeinnportugal.com\/pt-pt\/wp-json\/wp\/v2\/product_cat?post=6588"},{"taxonomy":"product_tag","embeddable":true,"href":"https:\/\/timeinnportugal.com\/pt-pt\/wp-json\/wp\/v2\/product_tag?post=6588"}],"curies":[{"name":"wp","href":"https:\/\/api.w.org\/{rel}","templated":true}]}}