{"id":6479,"date":"2024-06-29T10:53:10","date_gmt":"2024-06-29T10:53:10","guid":{"rendered":"https:\/\/timeinnportugal.com\/product\/tira-tapas\/"},"modified":"2024-06-29T10:53:10","modified_gmt":"2024-06-29T10:53:10","slug":"tira-tapas","status":"publish","type":"product","link":"https:\/\/timeinnportugal.com\/pt-pt\/produto\/tira-tapas\/","title":{"rendered":"Tira-Tapas"},"content":{"rendered":"<p>Rusticidade a m\u00e9dia luz numa tasca repleta de autenticidade, onde a simpatia e recep\u00e7\u00e3o calorosa s\u00e3o o mote.<\/p>\n","protected":false},"excerpt":{"rendered":"<p>Rusticidade a m\u00e9dia luz numa tasca repleta de autenticidade, onde a simpatia e recep\u00e7\u00e3o calorosa s\u00e3o o mote.<\/p>\n","protected":false},"featured_media":0,"comment_status":"open","ping_status":"closed","template":"","meta":[],"product_brand":[],"product_cat":[20],"product_tag":[],"class_list":{"0":"post-6479","1":"product","2":"type-product","3":"status-publish","5":"product_cat-listeo-booking","7":"first","8":"instock","9":"virtual","10":"sold-individually","11":"purchasable","12":"product-type-listing_booking"},"jetpack_sharing_enabled":true,"_links":{"self":[{"href":"https:\/\/timeinnportugal.com\/pt-pt\/wp-json\/wp\/v2\/product\/6479","targetHints":{"allow":["GET"]}}],"collection":[{"href":"https:\/\/timeinnportugal.com\/pt-pt\/wp-json\/wp\/v2\/product"}],"about":[{"href":"https:\/\/timeinnportugal.com\/pt-pt\/wp-json\/wp\/v2\/types\/product"}],"replies":[{"embeddable":true,"href":"https:\/\/timeinnportugal.com\/pt-pt\/wp-json\/wp\/v2\/comments?post=6479"}],"wp:attachment":[{"href":"https:\/\/timeinnportugal.com\/pt-pt\/wp-json\/wp\/v2\/media?parent=6479"}],"wp:term":[{"taxonomy":"product_brand","embeddable":true,"href":"https:\/\/timeinnportugal.com\/pt-pt\/wp-json\/wp\/v2\/product_brand?post=6479"},{"taxonomy":"product_cat","embeddable":true,"href":"https:\/\/timeinnportugal.com\/pt-pt\/wp-json\/wp\/v2\/product_cat?post=6479"},{"taxonomy":"product_tag","embeddable":true,"href":"https:\/\/timeinnportugal.com\/pt-pt\/wp-json\/wp\/v2\/product_tag?post=6479"}],"curies":[{"name":"wp","href":"https:\/\/api.w.org\/{rel}","templated":true}]}}