{"id":5961,"date":"2024-06-27T14:12:01","date_gmt":"2024-06-27T14:12:01","guid":{"rendered":"https:\/\/timeinnportugal.com\/product\/villa-tamariz-utopia\/"},"modified":"2024-06-27T14:12:01","modified_gmt":"2024-06-27T14:12:01","slug":"villa-tamariz-utopia","status":"publish","type":"product","link":"https:\/\/timeinnportugal.com\/pt-pt\/produto\/villa-tamariz-utopia\/","title":{"rendered":"Villa Tamariz Utopia"},"content":{"rendered":"<p>Na exclusiva costa do Estoril, o Villa Tamariz Utopia \u00e9 um moderno e elegante ref\u00fagio de praia, com bar e zona lounge, perfeitos para tomar um cocktail ou fazer uma refei\u00e7\u00e3o leve em frente ao mar, e ainda com um restaurante a servir receitas da Am\u00e9rica Central e do Sul.<\/p>\n","protected":false},"excerpt":{"rendered":"<p>Na exclusiva costa do Estoril, o Villa Tamariz Utopia \u00e9 um moderno e elegante ref\u00fagio de praia, com bar e zona lounge, perfeitos para tomar um cocktail ou fazer uma refei\u00e7\u00e3o leve em frente ao mar, e ainda com um restaurante a servir receitas da Am\u00e9rica Central e do Sul.<\/p>\n","protected":false},"featured_media":0,"comment_status":"open","ping_status":"closed","template":"","meta":[],"product_brand":[],"product_cat":[20],"product_tag":[],"class_list":{"0":"post-5961","1":"product","2":"type-product","3":"status-publish","5":"product_cat-listeo-booking","7":"first","8":"instock","9":"virtual","10":"sold-individually","11":"purchasable","12":"product-type-listing_booking"},"jetpack_sharing_enabled":true,"_links":{"self":[{"href":"https:\/\/timeinnportugal.com\/pt-pt\/wp-json\/wp\/v2\/product\/5961","targetHints":{"allow":["GET"]}}],"collection":[{"href":"https:\/\/timeinnportugal.com\/pt-pt\/wp-json\/wp\/v2\/product"}],"about":[{"href":"https:\/\/timeinnportugal.com\/pt-pt\/wp-json\/wp\/v2\/types\/product"}],"replies":[{"embeddable":true,"href":"https:\/\/timeinnportugal.com\/pt-pt\/wp-json\/wp\/v2\/comments?post=5961"}],"wp:attachment":[{"href":"https:\/\/timeinnportugal.com\/pt-pt\/wp-json\/wp\/v2\/media?parent=5961"}],"wp:term":[{"taxonomy":"product_brand","embeddable":true,"href":"https:\/\/timeinnportugal.com\/pt-pt\/wp-json\/wp\/v2\/product_brand?post=5961"},{"taxonomy":"product_cat","embeddable":true,"href":"https:\/\/timeinnportugal.com\/pt-pt\/wp-json\/wp\/v2\/product_cat?post=5961"},{"taxonomy":"product_tag","embeddable":true,"href":"https:\/\/timeinnportugal.com\/pt-pt\/wp-json\/wp\/v2\/product_tag?post=5961"}],"curies":[{"name":"wp","href":"https:\/\/api.w.org\/{rel}","templated":true}]}}