{"id":4713,"date":"2024-06-20T10:59:47","date_gmt":"2024-06-20T10:59:47","guid":{"rendered":"https:\/\/timeinnportugal.com\/product\/luz-by-chakall\/"},"modified":"2024-06-20T10:59:47","modified_gmt":"2024-06-20T10:59:47","slug":"luz-by-chakall","status":"publish","type":"product","link":"https:\/\/timeinnportugal.com\/pt-pt\/produto\/luz-by-chakall\/","title":{"rendered":"Luz by Chakall"},"content":{"rendered":"<p>Localizado no Est\u00e1dio do Sport Lisboa e Benfica, Luz by Chakall \u00e9 mais do que um restaurante. Traz para a mesa os sabores do mundo e a gastronomia internacional para um palco de emo\u00e7\u00f5es indescrit\u00edvel.<\/p>\n","protected":false},"excerpt":{"rendered":"<p>Localizado no Est\u00e1dio do Sport Lisboa e Benfica, Luz by Chakall \u00e9 mais do que um restaurante. Traz para a mesa os sabores do mundo e a gastronomia internacional para um palco de emo\u00e7\u00f5es indescrit\u00edvel.<\/p>\n","protected":false},"featured_media":0,"comment_status":"open","ping_status":"closed","template":"","meta":[],"product_brand":[],"product_cat":[20],"product_tag":[],"class_list":{"0":"post-4713","1":"product","2":"type-product","3":"status-publish","5":"product_cat-listeo-booking","7":"first","8":"instock","9":"virtual","10":"sold-individually","11":"purchasable","12":"product-type-listing_booking"},"jetpack_sharing_enabled":true,"_links":{"self":[{"href":"https:\/\/timeinnportugal.com\/pt-pt\/wp-json\/wp\/v2\/product\/4713","targetHints":{"allow":["GET"]}}],"collection":[{"href":"https:\/\/timeinnportugal.com\/pt-pt\/wp-json\/wp\/v2\/product"}],"about":[{"href":"https:\/\/timeinnportugal.com\/pt-pt\/wp-json\/wp\/v2\/types\/product"}],"replies":[{"embeddable":true,"href":"https:\/\/timeinnportugal.com\/pt-pt\/wp-json\/wp\/v2\/comments?post=4713"}],"wp:attachment":[{"href":"https:\/\/timeinnportugal.com\/pt-pt\/wp-json\/wp\/v2\/media?parent=4713"}],"wp:term":[{"taxonomy":"product_brand","embeddable":true,"href":"https:\/\/timeinnportugal.com\/pt-pt\/wp-json\/wp\/v2\/product_brand?post=4713"},{"taxonomy":"product_cat","embeddable":true,"href":"https:\/\/timeinnportugal.com\/pt-pt\/wp-json\/wp\/v2\/product_cat?post=4713"},{"taxonomy":"product_tag","embeddable":true,"href":"https:\/\/timeinnportugal.com\/pt-pt\/wp-json\/wp\/v2\/product_tag?post=4713"}],"curies":[{"name":"wp","href":"https:\/\/api.w.org\/{rel}","templated":true}]}}