{"id":3156,"date":"2024-06-07T13:23:07","date_gmt":"2024-06-07T13:23:07","guid":{"rendered":"https:\/\/timeinnportugal.com\/product\/provincia\/"},"modified":"2024-06-08T21:57:21","modified_gmt":"2024-06-08T21:57:21","slug":"provincia","status":"publish","type":"product","link":"https:\/\/timeinnportugal.com\/pt-pt\/produto\/provincia\/","title":{"rendered":"Provincia"},"content":{"rendered":"<p>No Prov\u00edncia, o conceito \u00e9 diferente dos outros restaurantes italianos: \u00e9 um restaurante que nasce da harmoniosa mistura entre o campo e a cidade, em Lisboa. Cada prato reflete a fus\u00e3o \u00fanica entre o r\u00fastico e o urbano, criando uma experi\u00eancia gastron\u00f3mica \u00fanica.<\/p>\n","protected":false},"excerpt":{"rendered":"<p>No Prov\u00edncia, o conceito \u00e9 diferente dos outros restaurantes italianos: \u00e9 um restaurante que nasce da harmoniosa mistura entre o campo e a cidade, em Lisboa. Cada prato reflete a fus\u00e3o \u00fanica entre o r\u00fastico e o urbano, criando uma experi\u00eancia gastron\u00f3mica \u00fanica.<\/p>\n","protected":false},"featured_media":0,"comment_status":"open","ping_status":"closed","template":"","meta":[],"product_brand":[],"product_cat":[20],"product_tag":[],"class_list":{"0":"post-3156","1":"product","2":"type-product","3":"status-publish","5":"product_cat-listeo-booking","7":"first","8":"instock","9":"virtual","10":"sold-individually","11":"purchasable","12":"product-type-listing_booking"},"jetpack_sharing_enabled":true,"_links":{"self":[{"href":"https:\/\/timeinnportugal.com\/pt-pt\/wp-json\/wp\/v2\/product\/3156","targetHints":{"allow":["GET"]}}],"collection":[{"href":"https:\/\/timeinnportugal.com\/pt-pt\/wp-json\/wp\/v2\/product"}],"about":[{"href":"https:\/\/timeinnportugal.com\/pt-pt\/wp-json\/wp\/v2\/types\/product"}],"replies":[{"embeddable":true,"href":"https:\/\/timeinnportugal.com\/pt-pt\/wp-json\/wp\/v2\/comments?post=3156"}],"wp:attachment":[{"href":"https:\/\/timeinnportugal.com\/pt-pt\/wp-json\/wp\/v2\/media?parent=3156"}],"wp:term":[{"taxonomy":"product_brand","embeddable":true,"href":"https:\/\/timeinnportugal.com\/pt-pt\/wp-json\/wp\/v2\/product_brand?post=3156"},{"taxonomy":"product_cat","embeddable":true,"href":"https:\/\/timeinnportugal.com\/pt-pt\/wp-json\/wp\/v2\/product_cat?post=3156"},{"taxonomy":"product_tag","embeddable":true,"href":"https:\/\/timeinnportugal.com\/pt-pt\/wp-json\/wp\/v2\/product_tag?post=3156"}],"curies":[{"name":"wp","href":"https:\/\/api.w.org\/{rel}","templated":true}]}}