{"id":2710,"date":"2024-06-03T14:51:28","date_gmt":"2024-06-03T14:51:28","guid":{"rendered":"https:\/\/timeinnportugal.com\/product\/botequim\/"},"modified":"2024-11-02T22:22:20","modified_gmt":"2024-11-02T22:22:20","slug":"botequim","status":"publish","type":"product","link":"https:\/\/timeinnportugal.com\/pt-pt\/produto\/botequim\/","title":{"rendered":"Botequim"},"content":{"rendered":"<p>Modernizado, o Botequim mant\u00e9m o antigo balc\u00e3o de madeira escura e tamb\u00e9m algum do esp\u00edrito da sua g\u00e9nese de bo\u00e9mia intelectual.\u00a0Na lista, a par com os ch\u00e1s e outras op\u00e7\u00f5es saud\u00e1veis, n\u00e3o faltam petiscos, folhados e tostas para acompanhar com um copo de vinho. J\u00e1 pouco \u00e9 como dantes, mas continua a haver muitos artistas por ali.<\/p>\n","protected":false},"excerpt":{"rendered":"<p>Modernizado, o Botequim mant\u00e9m o antigo balc\u00e3o de madeira escura e tamb\u00e9m algum do esp\u00edrito da sua g\u00e9nese de bo\u00e9mia intelectual.\u00a0Na lista, a par com os ch\u00e1s e outras op\u00e7\u00f5es saud\u00e1veis, n\u00e3o faltam petiscos, folhados e tostas para acompanhar com um copo de vinho. J\u00e1 pouco \u00e9 como dantes, mas continua a haver muitos artistas [&hellip;]<\/p>\n","protected":false},"featured_media":0,"comment_status":"open","ping_status":"closed","template":"","meta":[],"product_brand":[],"product_cat":[20],"product_tag":[],"class_list":{"0":"post-2710","1":"product","2":"type-product","3":"status-publish","5":"product_cat-listeo-booking","7":"first","8":"instock","9":"virtual","10":"sold-individually","11":"purchasable","12":"product-type-listing_booking"},"jetpack_sharing_enabled":true,"_links":{"self":[{"href":"https:\/\/timeinnportugal.com\/pt-pt\/wp-json\/wp\/v2\/product\/2710","targetHints":{"allow":["GET"]}}],"collection":[{"href":"https:\/\/timeinnportugal.com\/pt-pt\/wp-json\/wp\/v2\/product"}],"about":[{"href":"https:\/\/timeinnportugal.com\/pt-pt\/wp-json\/wp\/v2\/types\/product"}],"replies":[{"embeddable":true,"href":"https:\/\/timeinnportugal.com\/pt-pt\/wp-json\/wp\/v2\/comments?post=2710"}],"wp:attachment":[{"href":"https:\/\/timeinnportugal.com\/pt-pt\/wp-json\/wp\/v2\/media?parent=2710"}],"wp:term":[{"taxonomy":"product_brand","embeddable":true,"href":"https:\/\/timeinnportugal.com\/pt-pt\/wp-json\/wp\/v2\/product_brand?post=2710"},{"taxonomy":"product_cat","embeddable":true,"href":"https:\/\/timeinnportugal.com\/pt-pt\/wp-json\/wp\/v2\/product_cat?post=2710"},{"taxonomy":"product_tag","embeddable":true,"href":"https:\/\/timeinnportugal.com\/pt-pt\/wp-json\/wp\/v2\/product_tag?post=2710"}],"curies":[{"name":"wp","href":"https:\/\/api.w.org\/{rel}","templated":true}]}}