{"id":2666,"date":"2024-05-28T12:19:33","date_gmt":"2024-05-28T12:19:33","guid":{"rendered":"https:\/\/timeinnportugal.com\/product\/graca-dovinho\/"},"modified":"2024-10-23T13:28:25","modified_gmt":"2024-10-23T13:28:25","slug":"graca-dovinho","status":"publish","type":"product","link":"https:\/\/timeinnportugal.com\/pt-pt\/produto\/graca-dovinho\/","title":{"rendered":"Gra\u00e7a doVinho"},"content":{"rendered":"<p>The cutest wine bar in Lisbon Gra\u00e7a do Vinho is a charming wine bar nestled in the heart of Lisbon&#8217;s historic Gra\u00e7a neighborhood.<\/p>\n","protected":false},"excerpt":{"rendered":"<p>The cutest wine bar in Lisbon Gra\u00e7a do Vinho is a charming wine bar nestled in the heart of Lisbon&#8217;s historic Gra\u00e7a neighborhood.<\/p>\n","protected":false},"featured_media":0,"comment_status":"open","ping_status":"closed","template":"","meta":[],"product_brand":[],"product_cat":[20],"product_tag":[],"class_list":{"0":"post-2666","1":"product","2":"type-product","3":"status-publish","5":"product_cat-listeo-booking","7":"first","8":"instock","9":"virtual","10":"sold-individually","11":"purchasable","12":"product-type-listing_booking"},"jetpack_sharing_enabled":true,"_links":{"self":[{"href":"https:\/\/timeinnportugal.com\/pt-pt\/wp-json\/wp\/v2\/product\/2666","targetHints":{"allow":["GET"]}}],"collection":[{"href":"https:\/\/timeinnportugal.com\/pt-pt\/wp-json\/wp\/v2\/product"}],"about":[{"href":"https:\/\/timeinnportugal.com\/pt-pt\/wp-json\/wp\/v2\/types\/product"}],"replies":[{"embeddable":true,"href":"https:\/\/timeinnportugal.com\/pt-pt\/wp-json\/wp\/v2\/comments?post=2666"}],"wp:attachment":[{"href":"https:\/\/timeinnportugal.com\/pt-pt\/wp-json\/wp\/v2\/media?parent=2666"}],"wp:term":[{"taxonomy":"product_brand","embeddable":true,"href":"https:\/\/timeinnportugal.com\/pt-pt\/wp-json\/wp\/v2\/product_brand?post=2666"},{"taxonomy":"product_cat","embeddable":true,"href":"https:\/\/timeinnportugal.com\/pt-pt\/wp-json\/wp\/v2\/product_cat?post=2666"},{"taxonomy":"product_tag","embeddable":true,"href":"https:\/\/timeinnportugal.com\/pt-pt\/wp-json\/wp\/v2\/product_tag?post=2666"}],"curies":[{"name":"wp","href":"https:\/\/api.w.org\/{rel}","templated":true}]}}