{"id":14386,"date":"2025-03-05T18:43:01","date_gmt":"2025-03-05T18:43:01","guid":{"rendered":"https:\/\/timeinnportugal.com\/product\/check-up-golf\/"},"modified":"2025-03-06T21:12:30","modified_gmt":"2025-03-06T21:12:30","slug":"check-up-golf","status":"publish","type":"product","link":"https:\/\/timeinnportugal.com\/pt-pt\/produto\/check-up-golf\/","title":{"rendered":"Golf check-up"},"content":{"rendered":"<h2>Infitravel Golf check-up<\/h2>\n<p><strong>Prevention<\/strong><br \/>\nPractice your favorite sport safely and in a healthy way. Get your Golf check-up with Infitravel and avoid the most common golfer injuries.<\/p>\n<p><strong>Treatment<\/strong><br \/>\nWhenever necessary, Infitravel will design a physical rehabilitation program suited to your clinical situation.<\/p>\n<p>____________________________________________________________________________<\/p>\n<p><strong>Preven\u00e7\u00e3o<\/strong><br \/>\nPratique o seu desporto favorito em seguran\u00e7a e de uma forma saud\u00e1vel. Fa\u00e7a o seu check-up Golf com a Infitravel e evite as les\u00f5es mais frequentes do golfista.<\/p>\n<p><strong>Tratamento<\/strong><br \/>\nSempre que necess\u00e1rio, a Infitravel delinear\u00e1 um programa de reabilita\u00e7\u00e3o f\u00edsica adequado \u00e0 sua situa\u00e7\u00e3o cl\u00ednica.<\/p>\n","protected":false},"excerpt":{"rendered":"<p>Infitravel Golf check-up Prevention Practice your favorite sport safely and in a healthy way. Get your Golf check-up with Infitravel and avoid the most common golfer injuries. Treatment Whenever necessary, Infitravel will design a physical rehabilitation program suited to your clinical situation. ____________________________________________________________________________ Preven\u00e7\u00e3o Pratique o seu desporto favorito em seguran\u00e7a e de uma forma [&hellip;]<\/p>\n","protected":false},"featured_media":0,"comment_status":"open","ping_status":"closed","template":"","meta":[],"product_brand":[],"product_cat":[20],"product_tag":[],"class_list":{"0":"post-14386","1":"product","2":"type-product","3":"status-publish","5":"product_cat-listeo-booking","7":"first","8":"instock","9":"virtual","10":"sold-individually","11":"purchasable","12":"product-type-listing_booking"},"jetpack_sharing_enabled":true,"_links":{"self":[{"href":"https:\/\/timeinnportugal.com\/pt-pt\/wp-json\/wp\/v2\/product\/14386","targetHints":{"allow":["GET"]}}],"collection":[{"href":"https:\/\/timeinnportugal.com\/pt-pt\/wp-json\/wp\/v2\/product"}],"about":[{"href":"https:\/\/timeinnportugal.com\/pt-pt\/wp-json\/wp\/v2\/types\/product"}],"replies":[{"embeddable":true,"href":"https:\/\/timeinnportugal.com\/pt-pt\/wp-json\/wp\/v2\/comments?post=14386"}],"wp:attachment":[{"href":"https:\/\/timeinnportugal.com\/pt-pt\/wp-json\/wp\/v2\/media?parent=14386"}],"wp:term":[{"taxonomy":"product_brand","embeddable":true,"href":"https:\/\/timeinnportugal.com\/pt-pt\/wp-json\/wp\/v2\/product_brand?post=14386"},{"taxonomy":"product_cat","embeddable":true,"href":"https:\/\/timeinnportugal.com\/pt-pt\/wp-json\/wp\/v2\/product_cat?post=14386"},{"taxonomy":"product_tag","embeddable":true,"href":"https:\/\/timeinnportugal.com\/pt-pt\/wp-json\/wp\/v2\/product_tag?post=14386"}],"curies":[{"name":"wp","href":"https:\/\/api.w.org\/{rel}","templated":true}]}}