{"id":14219,"date":"2025-02-25T13:54:50","date_gmt":"2025-02-25T13:54:50","guid":{"rendered":"https:\/\/timeinnportugal.com\/product\/climb-to-the-pico-mountain-pico-island\/"},"modified":"2025-03-06T15:56:03","modified_gmt":"2025-03-06T15:56:03","slug":"climb-to-the-pico-mountain-pico-island","status":"publish","type":"product","link":"https:\/\/timeinnportugal.com\/pt-pt\/produto\/climb-to-the-pico-mountain-pico-island\/","title":{"rendered":"Climb to the Pico Mountain &#8211; Pico Island"},"content":{"rendered":"<p>Imponente, majestoso, magn\u00edfico, s\u00e3o algumas das muitas alcunhas do vulc\u00e3o da Montanha do Pico, gra\u00e7as aos seus 2350 m de altitude m\u00e1xima.<br \/>\nO terceiro maior vulc\u00e3o do Atl\u00e2ntico imp\u00f5e-se na paisagem da ilha e permite vislumbrar quase todos os cantos do Pico, bem como nas ilhas vizinhas.<br \/>\nA subida at\u00e9 ao topo \u00e9 servida de elevadas doses de cansa\u00e7o e de satisfa\u00e7\u00e3o: pelo feito extraordin\u00e1rio e por panor\u00e2micas fant\u00e1sticas e \u00fanicas.<\/p>\n<p><strong>Ponto de encontro:<\/strong> Local de alojamento<br \/>\n<strong>Desn\u00edvel positivo:<\/strong> 1040 m<br \/>\n<strong>Dist\u00e2ncia:<\/strong> 10 km<br \/>\n<strong>Dura\u00e7\u00e3o:<\/strong> 8 horas<br \/>\n<strong>N\u00edvel de dificuldade:<\/strong> dif\u00edcil*<\/p>\n<p><strong>Inclui:<\/strong>\u00a0Guia certificado, bilhetes de barco Faial-Pico-Faial, transporte e entrada na Casa da Montanha do Pico.<\/p>\n<p>*Sugerimos que pernoitem na Ilha do Pico.<\/p>\n<p>____________________________________________________________________________<\/p>\n<p>Imposing, majestic, magnificent, are some of the many nicknames of the Pico Mountain volcano, thanks to its 2350 m maximum altitude.<br \/>\nThe third largest volcano in the Atlantic dominates the island&#8217;s landscape and allows you to see almost every corner of Pico, as well as the neighboring islands.<br \/>\nThe climb to the top is filled with high doses of tiredness and satisfaction: for the extraordinary feat and for the fantastic and unique panoramas.<\/p>\n<p><strong>Meeting point:<\/strong> Accommodation location<br \/>\n<strong>Positive elevation difference:<\/strong> 1040 m<br \/>\n<strong>Distance:<\/strong> 10 km<br \/>\n<strong>Duration:<\/strong> 8 hours<br \/>\n<strong>Difficulty level:<\/strong> hard*<\/p>\n<p><strong>Includes:<\/strong> Certified guide, boat tickets Faial-Pico-Faial, transportation and entrance to Casa da Montanha do Pico.<\/p>\n<p>*We suggest you stay overnight on Pico Island.<\/p>\n","protected":false},"excerpt":{"rendered":"<p>Imponente, majestoso, magn\u00edfico, s\u00e3o algumas das muitas alcunhas do vulc\u00e3o da Montanha do Pico, gra\u00e7as aos seus 2350 m de altitude m\u00e1xima. O terceiro maior vulc\u00e3o do Atl\u00e2ntico imp\u00f5e-se na paisagem da ilha e permite vislumbrar quase todos os cantos do Pico, bem como nas ilhas vizinhas. A subida at\u00e9 ao topo \u00e9 servida de [&hellip;]<\/p>\n","protected":false},"featured_media":0,"comment_status":"open","ping_status":"closed","template":"","meta":[],"product_brand":[],"product_cat":[20],"product_tag":[],"class_list":{"0":"post-14219","1":"product","2":"type-product","3":"status-publish","5":"product_cat-listeo-booking","7":"first","8":"instock","9":"virtual","10":"sold-individually","11":"purchasable","12":"product-type-listing_booking"},"jetpack_sharing_enabled":true,"_links":{"self":[{"href":"https:\/\/timeinnportugal.com\/pt-pt\/wp-json\/wp\/v2\/product\/14219","targetHints":{"allow":["GET"]}}],"collection":[{"href":"https:\/\/timeinnportugal.com\/pt-pt\/wp-json\/wp\/v2\/product"}],"about":[{"href":"https:\/\/timeinnportugal.com\/pt-pt\/wp-json\/wp\/v2\/types\/product"}],"replies":[{"embeddable":true,"href":"https:\/\/timeinnportugal.com\/pt-pt\/wp-json\/wp\/v2\/comments?post=14219"}],"wp:attachment":[{"href":"https:\/\/timeinnportugal.com\/pt-pt\/wp-json\/wp\/v2\/media?parent=14219"}],"wp:term":[{"taxonomy":"product_brand","embeddable":true,"href":"https:\/\/timeinnportugal.com\/pt-pt\/wp-json\/wp\/v2\/product_brand?post=14219"},{"taxonomy":"product_cat","embeddable":true,"href":"https:\/\/timeinnportugal.com\/pt-pt\/wp-json\/wp\/v2\/product_cat?post=14219"},{"taxonomy":"product_tag","embeddable":true,"href":"https:\/\/timeinnportugal.com\/pt-pt\/wp-json\/wp\/v2\/product_tag?post=14219"}],"curies":[{"name":"wp","href":"https:\/\/api.w.org\/{rel}","templated":true}]}}