{"id":14204,"date":"2025-02-25T12:55:50","date_gmt":"2025-02-25T12:55:50","guid":{"rendered":"https:\/\/timeinnportugal.com\/product\/discover-lisbons-magic\/"},"modified":"2025-03-06T15:57:43","modified_gmt":"2025-03-06T15:57:43","slug":"discover-lisbons-magic","status":"publish","type":"product","link":"https:\/\/timeinnportugal.com\/pt-pt\/produto\/discover-lisbons-magic\/","title":{"rendered":"Discover Lisbon&#8217;s Magic"},"content":{"rendered":"<p><strong>Caminhada:<\/strong>\u00a0Percorra as ruas estreitas e os bairros hist\u00f3ricos, sinta a atmosfera vibrante e desvende os segredos de cada esquina em Lisboa.<br \/>\n<strong>TukTuk:<\/strong>\u00a0Desfrute de um passeio descontra\u00eddo e divertido, apreciando as vistas panor\u00e2micas e descobrindo os encantos da cidade.<\/p>\n<p><strong>Info:<\/strong><\/p>\n<p><strong>Local de encontro:<\/strong>\u00a0No seu local de estadia em Lisboa.<br \/>\n<strong>Dura\u00e7\u00e3o do tour:<\/strong>\u00a04-5horas<br \/>\n<strong>N\u00famero de pessoas:<\/strong>\u00a0N\u00famero m\u00ednimo de 5 pessoas.<br \/>\n<strong>Equipa especializada:<\/strong>\u00a0Guias experientes, prontos para partilharem conhecimentos dos locais, hist\u00f3rias fascinantes e dicas exclusivas.<br \/>\n<strong>Roteiros flex\u00edveis:<\/strong>\u00a0Estamos dispon\u00edveis para adaptar o trajeto deste tour, sempre que poss\u00edvel, tentando atender aos desejos e satisfa\u00e7\u00e3o de cada cliente.<\/p>\n<p>___________________________________________________________________________<\/p>\n<p><strong>Walking:<\/strong> Stroll through the narrow streets and historic neighborhoods, feel the vibrant atmosphere and discover the secrets of every corner in Lisbon.<br \/>\n<strong>TukTuk:<\/strong> Enjoy a relaxed and fun ride, enjoying the panoramic views and discovering the charms of the city.<\/p>\n<p><strong>Info:<\/strong><br \/>\n<strong>Meeting point:<\/strong> At your place of stay in Lisbon.<br \/>\n<strong>Tour duration:<\/strong> 4-5 hours<br \/>\n<strong>Number of people:<\/strong> Minimum number of 5 people.<br \/>\n<strong>Specialized team:<\/strong> Experienced guides, ready to share local knowledge, fascinating stories and exclusive tips.<br \/>\n<strong>Flexible itineraries:<\/strong> We are available to adapt the route of this tour, whenever possible, trying to meet the wishes and satisfaction of each client.<\/p>\n","protected":false},"excerpt":{"rendered":"<p>Caminhada:\u00a0Percorra as ruas estreitas e os bairros hist\u00f3ricos, sinta a atmosfera vibrante e desvende os segredos de cada esquina em Lisboa. TukTuk:\u00a0Desfrute de um passeio descontra\u00eddo e divertido, apreciando as vistas panor\u00e2micas e descobrindo os encantos da cidade. Info: Local de encontro:\u00a0No seu local de estadia em Lisboa. Dura\u00e7\u00e3o do tour:\u00a04-5horas N\u00famero de pessoas:\u00a0N\u00famero m\u00ednimo [&hellip;]<\/p>\n","protected":false},"featured_media":0,"comment_status":"open","ping_status":"closed","template":"","meta":[],"product_brand":[],"product_cat":[20],"product_tag":[],"class_list":{"0":"post-14204","1":"product","2":"type-product","3":"status-publish","5":"product_cat-listeo-booking","7":"first","8":"instock","9":"virtual","10":"sold-individually","11":"purchasable","12":"product-type-listing_booking"},"jetpack_sharing_enabled":true,"_links":{"self":[{"href":"https:\/\/timeinnportugal.com\/pt-pt\/wp-json\/wp\/v2\/product\/14204","targetHints":{"allow":["GET"]}}],"collection":[{"href":"https:\/\/timeinnportugal.com\/pt-pt\/wp-json\/wp\/v2\/product"}],"about":[{"href":"https:\/\/timeinnportugal.com\/pt-pt\/wp-json\/wp\/v2\/types\/product"}],"replies":[{"embeddable":true,"href":"https:\/\/timeinnportugal.com\/pt-pt\/wp-json\/wp\/v2\/comments?post=14204"}],"wp:attachment":[{"href":"https:\/\/timeinnportugal.com\/pt-pt\/wp-json\/wp\/v2\/media?parent=14204"}],"wp:term":[{"taxonomy":"product_brand","embeddable":true,"href":"https:\/\/timeinnportugal.com\/pt-pt\/wp-json\/wp\/v2\/product_brand?post=14204"},{"taxonomy":"product_cat","embeddable":true,"href":"https:\/\/timeinnportugal.com\/pt-pt\/wp-json\/wp\/v2\/product_cat?post=14204"},{"taxonomy":"product_tag","embeddable":true,"href":"https:\/\/timeinnportugal.com\/pt-pt\/wp-json\/wp\/v2\/product_tag?post=14204"}],"curies":[{"name":"wp","href":"https:\/\/api.w.org\/{rel}","templated":true}]}}