{"id":14191,"date":"2025-02-25T11:18:42","date_gmt":"2025-02-25T11:18:42","guid":{"rendered":"https:\/\/timeinnportugal.com\/product\/sailboat-tour-in-tagus-river\/"},"modified":"2025-03-06T15:58:42","modified_gmt":"2025-03-06T15:58:42","slug":"sailboat-tour-in-tagus-river","status":"publish","type":"product","link":"https:\/\/timeinnportugal.com\/pt-pt\/produto\/sailboat-tour-in-tagus-river\/","title":{"rendered":"Sailboat Tour in Tagus River"},"content":{"rendered":"<p>Um passeio de barco pelo rio Tejo \u00e9 sempre uma boa op\u00e7\u00e3o para apreciar a fant\u00e1stica paisagem que o rio tem para nos oferecer.<br \/>\nPoder\u00e1 observar as colinas da cidade e conhecer os monumentos de uma perspetiva diferente.<br \/>\nDeixe-se envolver pela brisa do Tejo e usufrua de uma experi\u00eancia \u00fanica e inesquec\u00edvel ao contemplar o p\u00f4r-do-sol no Atl\u00e2ntico.<\/p>\n<p><strong>Info:<\/strong><\/p>\n<p><strong>Local de encontro:<\/strong>\u00a0\u00a0No seu local de estadia em Lisboa (hora a combinar).<br \/>\n<strong>N\u00famero de pessoas:<\/strong>\u00a0N\u00famero m\u00ednimo de 2 pessoas.<br \/>\n<strong>Dura\u00e7\u00e3o do tour:<\/strong>\u00a02 horas.<br \/>\n<strong>Equipa especializada:<\/strong>\u00a0Guias experientes, prontos para partilharem conhecimentos dos locais, hist\u00f3rias fascinantes e dicas exclusivas.<br \/>\n<strong>Roteiros flex\u00edveis:<\/strong>\u00a0Estamos dispon\u00edveis para adaptar o trajeto deste tour, sempre que poss\u00edvel, tentando atender aos desejos e satisfa\u00e7\u00e3o de cada cliente.<\/p>\n<p>____________________________________________________________________________<\/p>\n<p>A boat trip along the Tagus River is always a good option to enjoy the fantastic landscape that the river has to offer.<br \/>\nYou will be able to observe the city&#8217;s hills and see the monuments from a different perspective.<br \/>\nLet yourself be enveloped by the Tagus breeze and enjoy a unique and unforgettable experience as you watch the sunset over the Atlantic.<\/p>\n<p><strong>Info:<\/strong><\/p>\n<p><strong>Meeting point:<\/strong> At your place of stay in Lisbon (time to be arranged).<br \/>\n<strong>Number of people:<\/strong> Minimum number of 2 people.<br \/>\n<strong>Tour duration:<\/strong> 2 hours.<br \/>\n<strong>Specialized team:<\/strong> Experienced guides, ready to share local knowledge, fascinating stories and exclusive tips.<br \/>\n<strong>Flexible itineraries:<\/strong> We are available to adapt the route of this tour, whenever possible, trying to meet the wishes and satisfaction of each client.<\/p>\n","protected":false},"excerpt":{"rendered":"<p>Um passeio de barco pelo rio Tejo \u00e9 sempre uma boa op\u00e7\u00e3o para apreciar a fant\u00e1stica paisagem que o rio tem para nos oferecer. Poder\u00e1 observar as colinas da cidade e conhecer os monumentos de uma perspetiva diferente. Deixe-se envolver pela brisa do Tejo e usufrua de uma experi\u00eancia \u00fanica e inesquec\u00edvel ao contemplar o [&hellip;]<\/p>\n","protected":false},"featured_media":0,"comment_status":"open","ping_status":"closed","template":"","meta":[],"product_brand":[],"product_cat":[20],"product_tag":[],"class_list":{"0":"post-14191","1":"product","2":"type-product","3":"status-publish","5":"product_cat-listeo-booking","7":"first","8":"instock","9":"virtual","10":"sold-individually","11":"purchasable","12":"product-type-listing_booking"},"jetpack_sharing_enabled":true,"_links":{"self":[{"href":"https:\/\/timeinnportugal.com\/pt-pt\/wp-json\/wp\/v2\/product\/14191","targetHints":{"allow":["GET"]}}],"collection":[{"href":"https:\/\/timeinnportugal.com\/pt-pt\/wp-json\/wp\/v2\/product"}],"about":[{"href":"https:\/\/timeinnportugal.com\/pt-pt\/wp-json\/wp\/v2\/types\/product"}],"replies":[{"embeddable":true,"href":"https:\/\/timeinnportugal.com\/pt-pt\/wp-json\/wp\/v2\/comments?post=14191"}],"wp:attachment":[{"href":"https:\/\/timeinnportugal.com\/pt-pt\/wp-json\/wp\/v2\/media?parent=14191"}],"wp:term":[{"taxonomy":"product_brand","embeddable":true,"href":"https:\/\/timeinnportugal.com\/pt-pt\/wp-json\/wp\/v2\/product_brand?post=14191"},{"taxonomy":"product_cat","embeddable":true,"href":"https:\/\/timeinnportugal.com\/pt-pt\/wp-json\/wp\/v2\/product_cat?post=14191"},{"taxonomy":"product_tag","embeddable":true,"href":"https:\/\/timeinnportugal.com\/pt-pt\/wp-json\/wp\/v2\/product_tag?post=14191"}],"curies":[{"name":"wp","href":"https:\/\/api.w.org\/{rel}","templated":true}]}}