{"id":14176,"date":"2025-02-25T11:06:45","date_gmt":"2025-02-25T11:06:45","guid":{"rendered":"https:\/\/timeinnportugal.com\/product\/azeitao-cabo-espichel-cristo-rei\/"},"modified":"2025-03-06T15:59:24","modified_gmt":"2025-03-06T15:59:24","slug":"azeitao-cabo-espichel-cristo-rei","status":"publish","type":"product","link":"https:\/\/timeinnportugal.com\/pt-pt\/produto\/azeitao-cabo-espichel-cristo-rei\/","title":{"rendered":"Azeit\u00e3o, Cabo Espichel &#038; Cristo Rei"},"content":{"rendered":"<p>Azeit\u00e3o, o Cabo Espichel e o Cristo Rei, formam um tri\u00e2ngulo de beleza e espiritualidade. Por fim, a imagem do Cristo Rei, com os seus bra\u00e7os abertos sobre Lisboa, simboliza a f\u00e9 e o acolhimento.<br \/>\nJuntos, estes tr\u00eas lugares encantam e elevam a alma, conectando-nos com a natureza e o divino.<\/p>\n<p><strong>Info:<\/strong><\/p>\n<p><strong>Local de encontro:<\/strong>\u00a0Local de estadia em Lisboa (09h:00)<br \/>\n<strong>Dura\u00e7\u00e3o do tour:<\/strong>\u00a0Dia inteiro (8 horas)<br \/>\n<strong>Transporte:<\/strong>\u00a0Em carro ou minibus, dependendo do n\u00famero de pessoas inscritas.<br \/>\n<strong>Refei\u00e7\u00f5es:<\/strong>\u00a0Almo\u00e7o em Azeit\u00e3o, seguido de uma prova de vinhos e posterior regresso a Lisboa pelo Santu\u00e1rio do Cristo Rei.<br \/>\n<strong>Equipa especializada:<\/strong>\u00a0Guias tur\u00edsticos experientes, prontos a partilhar conhecimento dos locais, hist\u00f3rias fascinantes e dicas exclusivas.<br \/>\n<strong>Roteiros flex\u00edveis:<\/strong>\u00a0Estamos dispon\u00edveis para adaptar o trajeto deste tour de acordo com a necessidade de cada viajante.<\/p>\n<p>____________________________________________________________________________<\/p>\n<p>Azeit\u00e3o, Cabo Espichel and Cristo Rei form a triangle of beauty and spirituality. Finally, the image of Christ the King, with his arms open over Lisbon, symbolizes faith and acceptance.<br \/>\nTogether, these three places enchant and elevate the soul, connecting us with nature and the divine.<\/p>\n<p><strong>Info:<\/strong><\/p>\n<p><strong>Meeting point:<\/strong> Place of stay in Lisbon (09:00)<br \/>\n<strong>Tour duration:<\/strong> Full day (8 hours)<br \/>\n<strong>Transport:<\/strong> By car or minibus, depending on the number of people registered.<br \/>\nMeals: Lunch in Azeit\u00e3o, followed by wine tasting and subsequent return to Lisbon via the Sanctuary of Cristo Rei.<br \/>\n<strong>Expert Team:<\/strong> Experienced tour guides ready to share local knowledge, fascinating stories and exclusive tips.<br \/>\n<strong>Flexible itineraries:<\/strong> We are available to adapt the route of this tour according to the needs of each traveler.<\/p>\n","protected":false},"excerpt":{"rendered":"<p>Azeit\u00e3o, o Cabo Espichel e o Cristo Rei, formam um tri\u00e2ngulo de beleza e espiritualidade. Por fim, a imagem do Cristo Rei, com os seus bra\u00e7os abertos sobre Lisboa, simboliza a f\u00e9 e o acolhimento. Juntos, estes tr\u00eas lugares encantam e elevam a alma, conectando-nos com a natureza e o divino. Info: Local de encontro:\u00a0Local [&hellip;]<\/p>\n","protected":false},"featured_media":0,"comment_status":"open","ping_status":"closed","template":"","meta":[],"product_brand":[],"product_cat":[20],"product_tag":[],"class_list":{"0":"post-14176","1":"product","2":"type-product","3":"status-publish","5":"product_cat-listeo-booking","7":"first","8":"instock","9":"virtual","10":"sold-individually","11":"purchasable","12":"product-type-listing_booking"},"jetpack_sharing_enabled":true,"_links":{"self":[{"href":"https:\/\/timeinnportugal.com\/pt-pt\/wp-json\/wp\/v2\/product\/14176","targetHints":{"allow":["GET"]}}],"collection":[{"href":"https:\/\/timeinnportugal.com\/pt-pt\/wp-json\/wp\/v2\/product"}],"about":[{"href":"https:\/\/timeinnportugal.com\/pt-pt\/wp-json\/wp\/v2\/types\/product"}],"replies":[{"embeddable":true,"href":"https:\/\/timeinnportugal.com\/pt-pt\/wp-json\/wp\/v2\/comments?post=14176"}],"wp:attachment":[{"href":"https:\/\/timeinnportugal.com\/pt-pt\/wp-json\/wp\/v2\/media?parent=14176"}],"wp:term":[{"taxonomy":"product_brand","embeddable":true,"href":"https:\/\/timeinnportugal.com\/pt-pt\/wp-json\/wp\/v2\/product_brand?post=14176"},{"taxonomy":"product_cat","embeddable":true,"href":"https:\/\/timeinnportugal.com\/pt-pt\/wp-json\/wp\/v2\/product_cat?post=14176"},{"taxonomy":"product_tag","embeddable":true,"href":"https:\/\/timeinnportugal.com\/pt-pt\/wp-json\/wp\/v2\/product_tag?post=14176"}],"curies":[{"name":"wp","href":"https:\/\/api.w.org\/{rel}","templated":true}]}}