{"id":14166,"date":"2025-02-25T10:54:26","date_gmt":"2025-02-25T10:54:26","guid":{"rendered":"https:\/\/timeinnportugal.com\/product\/sintra-cascais-itinerary\/"},"modified":"2025-03-06T16:00:46","modified_gmt":"2025-03-06T16:00:46","slug":"sintra-cascais-itinerary","status":"publish","type":"product","link":"https:\/\/timeinnportugal.com\/pt-pt\/produto\/sintra-cascais-itinerary\/","title":{"rendered":"Sintra &#038; Cascais Itinerary"},"content":{"rendered":"<p>Ambas as cidades oferecem uma mistura \u00fanica de hist\u00f3ria, beleza natural e lazer, tornando-as destinos imperd\u00edveis para quem visita Portugal.<br \/>\nO centro de Sintra foi listado como Patrim\u00f3nio da Humanidade pela Unesco.<br \/>\nPrincipais atra\u00e7\u00f5es:<br \/>\n\u2013 Pal\u00e1cio de Sintra<br \/>\n\u2013 Pal\u00e1cio da Pena<br \/>\n\u2013 Cabo da Roca<br \/>\n\u2013 Ba\u00eda de Cascais<\/p>\n<p><strong>Info:<\/strong><\/p>\n<p><strong>Local de encontro:\u00a0<\/strong>\u00a0No seu local de estadia.<br \/>\n<strong>N\u00famero de pessoas:<\/strong>\u00a0N\u00famero m\u00ednimo de 5 pessoas.<br \/>\n<strong>Dura\u00e7\u00e3o do tour:<\/strong>\u00a04 horas.<br \/>\n<strong>Equipa especializada:<\/strong>\u00a0Guias experientes, prontos para partilharem conhecimentos dos locais, hist\u00f3rias fascinantes e dicas exclusivas.<br \/>\n<strong>Roteiros flex\u00edveis:<\/strong>\u00a0Estamos dispon\u00edveis para adaptar o trajeto deste tour de acordo com a necessidade de cada viajante.<\/p>\n<p>____________________________________________________________________________<\/p>\n<p>Both cities offer a unique blend of history, natural beauty and leisure, making them unmissable destinations for anyone visiting Portugal.<br \/>\nThe center of Sintra was listed as a World Heritage Site by UNESCO.<br \/>\nMain attractions:<br \/>\n\u2013 Sintra Palace<br \/>\n\u2013 Pena Palace<br \/>\n\u2013 Cape Roca<br \/>\n\u2013 Cascais Bay<\/p>\n<p><strong>Info:<\/strong><\/p>\n<p><strong>Meeting point:<\/strong> At your place of stay.<br \/>\n<strong>Number of people:<\/strong> Minimum number of 5 people.<br \/>\n<strong>Tour duration:<\/strong> 4 hours.<br \/>\n<strong>Specialized team:<\/strong> Experienced guides, ready to share local knowledge, fascinating stories and exclusive tips.<br \/>\n<strong>Flexible itineraries:<\/strong> We are available to adapt the route of this tour according to the needs of each traveler.<\/p>\n","protected":false},"excerpt":{"rendered":"<p>Ambas as cidades oferecem uma mistura \u00fanica de hist\u00f3ria, beleza natural e lazer, tornando-as destinos imperd\u00edveis para quem visita Portugal. O centro de Sintra foi listado como Patrim\u00f3nio da Humanidade pela Unesco. Principais atra\u00e7\u00f5es: \u2013 Pal\u00e1cio de Sintra \u2013 Pal\u00e1cio da Pena \u2013 Cabo da Roca \u2013 Ba\u00eda de Cascais Info: Local de encontro:\u00a0\u00a0No seu [&hellip;]<\/p>\n","protected":false},"featured_media":0,"comment_status":"open","ping_status":"closed","template":"","meta":[],"product_brand":[],"product_cat":[20],"product_tag":[],"class_list":{"0":"post-14166","1":"product","2":"type-product","3":"status-publish","5":"product_cat-listeo-booking","7":"first","8":"instock","9":"virtual","10":"sold-individually","11":"purchasable","12":"product-type-listing_booking"},"jetpack_sharing_enabled":true,"_links":{"self":[{"href":"https:\/\/timeinnportugal.com\/pt-pt\/wp-json\/wp\/v2\/product\/14166","targetHints":{"allow":["GET"]}}],"collection":[{"href":"https:\/\/timeinnportugal.com\/pt-pt\/wp-json\/wp\/v2\/product"}],"about":[{"href":"https:\/\/timeinnportugal.com\/pt-pt\/wp-json\/wp\/v2\/types\/product"}],"replies":[{"embeddable":true,"href":"https:\/\/timeinnportugal.com\/pt-pt\/wp-json\/wp\/v2\/comments?post=14166"}],"wp:attachment":[{"href":"https:\/\/timeinnportugal.com\/pt-pt\/wp-json\/wp\/v2\/media?parent=14166"}],"wp:term":[{"taxonomy":"product_brand","embeddable":true,"href":"https:\/\/timeinnportugal.com\/pt-pt\/wp-json\/wp\/v2\/product_brand?post=14166"},{"taxonomy":"product_cat","embeddable":true,"href":"https:\/\/timeinnportugal.com\/pt-pt\/wp-json\/wp\/v2\/product_cat?post=14166"},{"taxonomy":"product_tag","embeddable":true,"href":"https:\/\/timeinnportugal.com\/pt-pt\/wp-json\/wp\/v2\/product_tag?post=14166"}],"curies":[{"name":"wp","href":"https:\/\/api.w.org\/{rel}","templated":true}]}}