{"id":14098,"date":"2025-02-25T09:42:46","date_gmt":"2025-02-25T09:42:46","guid":{"rendered":"https:\/\/timeinnportugal.com\/product\/evora-and-surroundings\/"},"modified":"2025-03-06T16:02:57","modified_gmt":"2025-03-06T16:02:57","slug":"evora-and-surroundings","status":"publish","type":"product","link":"https:\/\/timeinnportugal.com\/pt-pt\/produto\/evora-and-surroundings\/","title":{"rendered":"\u00c9vora and Surroundings"},"content":{"rendered":"<p><strong>\u00c9vora e arredores<\/strong><br \/>\nA cidade de \u00c9vora e seus arredores, oferecem uma riqueza hist\u00f3rica, cultural e natural que vale a pena explorar.<\/p>\n<p>De forma sucinta e generalizada, damos como sugest\u00f5es para este tour as seguintes:<\/p>\n<p><strong>1. Centro Hist\u00f3rico<\/strong><br \/>\n\u2013 Pra\u00e7a do Giraldo: O cora\u00e7\u00e3o de \u00c9vora, cercado por caf\u00e9s e lojas, com uma fonte renascentista ao centro.<br \/>\n\u2013 Catedral de \u00c9vora (S\u00e9): Uma impressionante catedral g\u00f3tica que oferece vistas panor\u00e2micas da cidade a partir do terra\u00e7o.<br \/>\n\u2013 Templo Romano de \u00c9vora (Templo de Diana): Ru\u00ednas romanas bem preservadas que s\u00e3o um dos marcos mais ic\u00f4nicos de \u00c9vora.<br \/>\n\u2013 Capela dos Ossos: Localizada na Igreja de S\u00e3o Francisco, esta capela \u00e9 decorada com ossos humanos, criando uma atmosfera \u00fanica e introspectiva.<br \/>\n\u2013 Museu de \u00c9vora: Abriga uma vasta cole\u00e7\u00e3o de arte e artefactos, que ilustram bem a hist\u00f3ria da cidade desde a \u00e9poca romana.<\/p>\n<p><strong>2. Outros Locais de Interesse<\/strong><br \/>\n\u2013 Universidade de \u00c9vora: Fundada no s\u00e9culo XVI, \u00e9 um exemplo not\u00e1vel de arquitetura renascentista.<br \/>\n\u2013 Pal\u00e1cio de Dom Manuel: Um belo exemplo de arquitetura manuelina, cercado por um jardim p\u00fablico tranquilo.<br \/>\n\u2013 Aqueduto da \u00c1gua de Prata**: Um antigo aqueduto que ainda atravessa partes da cidade, com algumas casas constru\u00eddas dentro de seus arcos.<\/p>\n<p><strong>3. Arredores de \u00c9vora:<\/strong><\/p>\n<p>Cromeleque dos Almendres<br \/>\n\u2013 Localizado a cerca de 15 km de \u00c9vora, este complexo megal\u00edtico \u00e9 composto por um c\u00edrculo de pedras que remonta ao per\u00edodo neol\u00edtico. \u00c9 um dos maiores da Pen\u00ednsula Ib\u00e9rica e oferece uma atmosfera misteriosa e serena.<br \/>\n2. Castelo de Arraiolos<\/p>\n<p>\u2013 A cerca de 25 km de \u00c9vora, a vila de Arraiolos \u00e9 famosa por seus tapetes artesanais. O castelo, com sua arquitetura circular incomum, oferece vistas deslumbrantes da regi\u00e3o.<\/p>\n<p>3. Monsaraz<br \/>\n\u2013 A aproximadamente 50 km de \u00c9vora, Monsaraz \u00e9 uma encantadora vila medieval, situada no alto de uma colina, com vista para o Lago Alqueva. As suas ruas de paralelep\u00edpedos, o castelo e as vistas do p\u00f4r do sol, fazem de Monsaraz um destino inesquec\u00edvel.<\/p>\n<p>4. \u00c9voramonte \u2013 A cerca de 30 km de \u00c9vora, \u00c9voramonte \u00e9 uma pequena vila conhecida por seu castelo com uma arquitetura \u00fanica e pelas vistas panor\u00e2micas do Alentejo.<\/p>\n<p>5. Aldeia da Terra<br \/>\n\u2013 A cerca de 10 km de \u00c9vora, esta aldeia de miniaturas feitas de barro \u00e9 um destino curioso e divertido, especialmente para fam\u00edlias.<\/p>\n<p>6. Adegas e Vinhedos<br \/>\n\u2013 A regi\u00e3o do Alentejo \u00e9 famosa por seus vinhos. Existem v\u00e1rias adegas nas proximidades de \u00c9vora, como a Herdade do Espor\u00e3o, onde \u00e9 poss\u00edvel fazer visitas guiadas e degusta\u00e7\u00f5es.<\/p>\n<p><strong>4. Gastronomia e Hospedagem<\/strong><\/p>\n<p>\u2013 Gastronomia: Prove pratos t\u00edpicos como a a\u00e7orda alentejana, o ensopado de borrego, as migas e os doces conventuais como a sericaia com ameixas de Elvas.<br \/>\n\u2013 Hospedagem: \u00c9vora oferece uma variedade de acomoda\u00e7\u00f5es, desde hot\u00e9is boutique no centro hist\u00f3rico at\u00e9 pousadas rurais nos arredores.<\/p>\n<p>Estas sugest\u00f5es proporcionam uma experi\u00eancia completa de \u00c9vora e seus arredores, permitindo que mergulhe na hist\u00f3ria riqu\u00edssima, cultura e beleza natural da regi\u00e3o.<\/p>\n<p>&nbsp;<\/p>\n<p><strong>Mais informa\u00e7\u00f5es:<\/strong><br \/>\n3 dias \/ 2 noites<\/p>\n<p>N\u00famero de pessoas \u2013 m\u00ednimo 4 pessoas<\/p>\n<p>Transporte \u2013 Minivan(Mercedes)<\/p>\n<p>Pre\u00e7o tudo inclu\u00eddo (alimenta\u00e7\u00e3o, transportes e dormidas)<\/p>\n<p>A definir com cada cliente (fam\u00edlia ou grupo), de acordo com os seus planos e objetivos, ap\u00f3s contacto via e-mail ou telef\u00f3nico, com a Infitravel.<\/p>\n<p>____________________________________________________________________________<\/p>\n<p><strong>\u00c9vora and surroundings<\/strong><br \/>\nThe city of \u00c9vora and its surroundings offer a historical, cultural and natural wealth that is worth exploiting.<\/p>\n<p>Succinctly and widespread, we give suggestions for this tour the following:<\/p>\n<p><strong>1. Historic Center<\/strong><br \/>\n&#8211; Giraldo Square: The Heart of \u00c9vora, surrounded by cafes and stores, with a Renaissance source to the center.<br \/>\n&#8211; \u00c9vora Cathedral (S\u00e9): An impressive Gothic Cathedral that offers panoramic views of the city from the terrace.<br \/>\n&#8211; Roman Temple of \u00c9vora (Temple of Diana): Well -preserved Roman ruins that are one of the most iconic milestones of \u00c9vora.<br \/>\n&#8211; Bone Chapel: Located in the Church of San Francisco, this chapel is decorated with human bones, creating a unique and introspective atmosphere.<br \/>\n&#8211; Museum of \u00c9vora: houses a vast collection of art and artifacts, which illustrate well the history of the city since the Roman time.<\/p>\n<p><strong>2. Other places of interest<\/strong><br \/>\n&#8211; University of \u00c9vora: Founded in the 16th century, it is a remarkable example of Renaissance architecture.<br \/>\n&#8211; Dom Manuel Palace: A beautiful example of Manueline architecture, surrounded by a quiet public garden.<br \/>\n&#8211; Silver water aqueduct **: An old aqueduct that still crosses parts of the city, with some houses built inside its arches.<\/p>\n<p><strong>3. Outside \u00c9vora:<\/strong><\/p>\n<p>Cromeleque dos Almendres<br \/>\n&#8211; Located about 15 km from \u00c9vora, this megalithic complex is composed of a circle of stones that dates back to the neolithic period. It is one of the largest of the Iberian Peninsula and offers a mysterious and serene atmosphere.<br \/>\n2. Arraiolos Castle<\/p>\n<p>&#8211; About 25 km from \u00c9vora, the village of Arraiolos is famous for its handcrafted rugs. The castle, with its unusual circular architecture, offers stunning views of the region.<\/p>\n<p>3. Monsaraz<br \/>\n&#8211; At about 50 km from \u00c9vora, Monsaraz is a charming medieval village, located at the top of a hill, overlooking Lake Alqueva. Its cobblestone streets, the castle and sunset views make Monsaraz an unforgettable destination.<\/p>\n<p>4. \u00c9voramonte &#8211; About 30 km from \u00c9vora, \u00c9voramonte is a small village known for his castle with a unique architecture and the panoramic views of Alentejo.<\/p>\n<p>5. Terra Village<br \/>\n&#8211; About 10 km from \u00c9vora, this village of miniatures made of clay is a curious and fun destination, especially for families.<\/p>\n<p>6. Winery and Vineyards<br \/>\n&#8211; The Alentejo region is famous for its wines. There are several wineries near \u00c9vora, such as Herdade do Espor\u00e3o, where you can make guided tours and tastings.<\/p>\n<p><strong>4. Gastronomy and hosting<\/strong><\/p>\n<p>&#8211; Gastronomy: Try typical dishes such as Alentejo A\u00e7orda, lamb stew, migas and convent sweets such as sericaia with plums from Elvas.<br \/>\n&#8211; Accommodation: \u00c9vora offers a variety of accommodations, from boutique hotels in the historic center to rural hostels around.<\/p>\n<p>These suggestions provide a complete experience of \u00c9vora and their surroundings, allowing you to dive into the rich history, culture and natural beauty of the region.<\/p>\n<p>&nbsp;<\/p>\n<p><strong>More information:<\/strong><br \/>\n3 days \/ 2 nights<\/p>\n<p>Number of people &#8211; Minimum 4 people<\/p>\n<p>Transport &#8211; Minivan (Mercedes)<\/p>\n<p>All included price (food, transport and overnight)<\/p>\n<p>To define with each client (family or group), according to their plans and objectives, after contact via e-mail or telephone, with infralla.<\/p>\n","protected":false},"excerpt":{"rendered":"<p>\u00c9vora e arredores A cidade de \u00c9vora e seus arredores, oferecem uma riqueza hist\u00f3rica, cultural e natural que vale a pena explorar. De forma sucinta e generalizada, damos como sugest\u00f5es para este tour as seguintes: 1. Centro Hist\u00f3rico \u2013 Pra\u00e7a do Giraldo: O cora\u00e7\u00e3o de \u00c9vora, cercado por caf\u00e9s e lojas, com uma fonte renascentista [&hellip;]<\/p>\n","protected":false},"featured_media":0,"comment_status":"open","ping_status":"closed","template":"","meta":[],"product_brand":[],"product_cat":[20],"product_tag":[],"class_list":{"0":"post-14098","1":"product","2":"type-product","3":"status-publish","5":"product_cat-listeo-booking","7":"first","8":"instock","9":"virtual","10":"sold-individually","11":"purchasable","12":"product-type-listing_booking"},"jetpack_sharing_enabled":true,"_links":{"self":[{"href":"https:\/\/timeinnportugal.com\/pt-pt\/wp-json\/wp\/v2\/product\/14098","targetHints":{"allow":["GET"]}}],"collection":[{"href":"https:\/\/timeinnportugal.com\/pt-pt\/wp-json\/wp\/v2\/product"}],"about":[{"href":"https:\/\/timeinnportugal.com\/pt-pt\/wp-json\/wp\/v2\/types\/product"}],"replies":[{"embeddable":true,"href":"https:\/\/timeinnportugal.com\/pt-pt\/wp-json\/wp\/v2\/comments?post=14098"}],"wp:attachment":[{"href":"https:\/\/timeinnportugal.com\/pt-pt\/wp-json\/wp\/v2\/media?parent=14098"}],"wp:term":[{"taxonomy":"product_brand","embeddable":true,"href":"https:\/\/timeinnportugal.com\/pt-pt\/wp-json\/wp\/v2\/product_brand?post=14098"},{"taxonomy":"product_cat","embeddable":true,"href":"https:\/\/timeinnportugal.com\/pt-pt\/wp-json\/wp\/v2\/product_cat?post=14098"},{"taxonomy":"product_tag","embeddable":true,"href":"https:\/\/timeinnportugal.com\/pt-pt\/wp-json\/wp\/v2\/product_tag?post=14098"}],"curies":[{"name":"wp","href":"https:\/\/api.w.org\/{rel}","templated":true}]}}