{"id":10334,"date":"2024-11-05T17:52:24","date_gmt":"2024-11-05T17:52:24","guid":{"rendered":"https:\/\/timeinnportugal.com\/product\/auto-draft-7\/"},"modified":"2024-11-28T11:28:13","modified_gmt":"2024-11-28T11:28:13","slug":"auto-draft-7","status":"publish","type":"product","link":"https:\/\/timeinnportugal.com\/pt-pt\/produto\/auto-draft-7\/","title":{"rendered":"Kitchen4us"},"content":{"rendered":"<p>Ol\u00e1! Alguma vez se questionaram sobre as origens daquele prato de fazer crescer \u00e1gua na boca? Se \u00e9 uma especialidade regional, uma receita de fam\u00edlia, ou um golpe de g\u00e9nio culin\u00e1rio?<\/p>\n<p>\ud83c\udf7d\ufe0fQueremos conhecer a hist\u00f3ria por tr\u00e1s de cada cria\u00e7\u00e3o, os ingredientes e o toque especial.<\/p>\n<p>\ud83e\udd14E adivinhem? N\u00e3o vamos guardar tudo s\u00f3 para n\u00f3s!<\/p>\n<p>\ud83d\ude4c\ud83c\udffc Vamos partilhar todas as del\u00edcias preparadas durante o nosso test lab &#8211; ali mesmo, reunidos \u00e0 volta da mesa.<\/p>\n<p>Kitchen4us \u00e9 mais do que um projeto; \u00e9 uma celebra\u00e7\u00e3o de sabores, contos aut\u00eanticos e das liga\u00e7\u00f5es que se tecem \u00e0 volta da mesa. Vamos saborear cada momento juntos! \ud83c\udf1f\ud83c\udf7d\ufe0f\u2764\ufe0f<\/p>\n<p><a class=\"x1i10hfl xjbqb8w x1ejq31n xd10rxx x1sy0etr x17r0tee x972fbf xcfux6l x1qhh985 xm0m39n x9f619 x1ypdohk xt0psk2 xe8uvvx xdj266r x11i5rnm xat24cr x1mh8g0r xexx8yu x4uap5 x18d9i69 xkhd6sd x16tdsg8 x1hl2dhg xggy1nq x1a2a7pz _aa9_ _a6hd\" tabindex=\"0\" role=\"link\" href=\"https:\/\/www.instagram.com\/explore\/tags\/kitchenforus\/\" rel=\"nofollow noopener\" target=\"_blank\">#KitchenForUs<\/a>\u00a0<a class=\"x1i10hfl xjbqb8w x1ejq31n xd10rxx x1sy0etr x17r0tee x972fbf xcfux6l x1qhh985 xm0m39n x9f619 x1ypdohk xt0psk2 xe8uvvx xdj266r x11i5rnm xat24cr x1mh8g0r xexx8yu x4uap5 x18d9i69 xkhd6sd x16tdsg8 x1hl2dhg xggy1nq x1a2a7pz _aa9_ _a6hd\" tabindex=\"0\" role=\"link\" href=\"https:\/\/www.instagram.com\/explore\/tags\/conversa%C3%A0mesa\/\" rel=\"nofollow noopener\" target=\"_blank\">#Conversa\u00e0Mesa<\/a>\u00a0<a class=\"x1i10hfl xjbqb8w x1ejq31n xd10rxx x1sy0etr x17r0tee x972fbf xcfux6l x1qhh985 xm0m39n x9f619 x1ypdohk xt0psk2 xe8uvvx xdj266r x11i5rnm xat24cr x1mh8g0r xexx8yu x4uap5 x18d9i69 xkhd6sd x16tdsg8 x1hl2dhg xggy1nq x1a2a7pz _aa9_ _a6hd\" tabindex=\"0\" role=\"link\" href=\"https:\/\/www.instagram.com\/explore\/tags\/saboresaut%C3%AAnticos\/\" rel=\"nofollow noopener\" target=\"_blank\">#SaboresAut\u00eanticos<\/a>\u00a0<a class=\"x1i10hfl xjbqb8w x1ejq31n xd10rxx x1sy0etr x17r0tee x972fbf xcfux6l x1qhh985 xm0m39n x9f619 x1ypdohk xt0psk2 xe8uvvx xdj266r x11i5rnm xat24cr x1mh8g0r xexx8yu x4uap5 x18d9i69 xkhd6sd x16tdsg8 x1hl2dhg xggy1nq x1a2a7pz _aa9_ _a6hd\" tabindex=\"0\" role=\"link\" href=\"https:\/\/www.instagram.com\/explore\/tags\/cozinharcomamor\/\" rel=\"nofollow noopener\" target=\"_blank\">#CozinharComAmor<\/a>\u00a0<a class=\"x1i10hfl xjbqb8w x1ejq31n xd10rxx x1sy0etr x17r0tee x972fbf xcfux6l x1qhh985 xm0m39n x9f619 x1ypdohk xt0psk2 xe8uvvx xdj266r x11i5rnm xat24cr x1mh8g0r xexx8yu x4uap5 x18d9i69 xkhd6sd x16tdsg8 x1hl2dhg xggy1nq x1a2a7pz _aa9_ _a6hd\" tabindex=\"0\" role=\"link\" href=\"https:\/\/www.instagram.com\/explore\/tags\/hist%C3%B3riasinspiradoras\/\" rel=\"nofollow noopener\" target=\"_blank\">#Hist\u00f3riasInspiradoras<\/a>\u00a0<a class=\"x1i10hfl xjbqb8w x1ejq31n xd10rxx x1sy0etr x17r0tee x972fbf xcfux6l x1qhh985 xm0m39n x9f619 x1ypdohk xt0psk2 xe8uvvx xdj266r x11i5rnm xat24cr x1mh8g0r xexx8yu x4uap5 x18d9i69 xkhd6sd x16tdsg8 x1hl2dhg xggy1nq x1a2a7pz _aa9_ _a6hd\" tabindex=\"0\" role=\"link\" href=\"https:\/\/www.instagram.com\/explore\/tags\/juntos%C3%A0mesa\/\" rel=\"nofollow noopener\" target=\"_blank\">#Juntos\u00e0Mesa<\/a><\/p>\n<p>\ud83c\udf1f Hi! Have you ever wondered about the origins of that mouthwatering dish? Is it a regional specialty, a cherished family recipe passed down through generations, or a stroke of culinary genius?<\/p>\n<p>\ud83c\udf7d\ufe0fWe\u2019re diving deep to discover the story behind each creation\u2014the ingredients and the special touch.<\/p>\n<p>\ud83e\udd14And guess what? We\u2019re not keeping it all to ourselves!<\/p>\n<p>\ud83d\ude4c\ud83c\udffcWe\u2019ll be sharing all the delectable delights prepared during our test lab &#8211; right there, gathered around the table.<\/p>\n<p>Kitchen4us is more than just a project; it\u2019s a celebration of flavors, authentic tales, and the connections woven around the dining table.<\/p>\n<p>Let\u2019s savor every moment together! \ud83c\udf1f\ud83c\udf7d\ufe0f\u2764\ufe0f<\/p>\n","protected":false},"excerpt":{"rendered":"<p>Ol\u00e1! Alguma vez se questionaram sobre as origens daquele prato de fazer crescer \u00e1gua na boca? Se \u00e9 uma especialidade regional, uma receita de fam\u00edlia, ou um golpe de g\u00e9nio culin\u00e1rio? \ud83c\udf7d\ufe0fQueremos conhecer a hist\u00f3ria por tr\u00e1s de cada cria\u00e7\u00e3o, os ingredientes e o toque especial. \ud83e\udd14E adivinhem? N\u00e3o vamos guardar tudo s\u00f3 para n\u00f3s! [&hellip;]<\/p>\n","protected":false},"featured_media":0,"comment_status":"open","ping_status":"closed","template":"","meta":[],"product_brand":[],"product_cat":[20],"product_tag":[],"class_list":{"0":"post-10334","1":"product","2":"type-product","3":"status-publish","5":"product_cat-listeo-booking","7":"first","8":"instock","9":"virtual","10":"sold-individually","11":"purchasable","12":"product-type-listing_booking"},"jetpack_sharing_enabled":true,"_links":{"self":[{"href":"https:\/\/timeinnportugal.com\/pt-pt\/wp-json\/wp\/v2\/product\/10334","targetHints":{"allow":["GET"]}}],"collection":[{"href":"https:\/\/timeinnportugal.com\/pt-pt\/wp-json\/wp\/v2\/product"}],"about":[{"href":"https:\/\/timeinnportugal.com\/pt-pt\/wp-json\/wp\/v2\/types\/product"}],"replies":[{"embeddable":true,"href":"https:\/\/timeinnportugal.com\/pt-pt\/wp-json\/wp\/v2\/comments?post=10334"}],"wp:attachment":[{"href":"https:\/\/timeinnportugal.com\/pt-pt\/wp-json\/wp\/v2\/media?parent=10334"}],"wp:term":[{"taxonomy":"product_brand","embeddable":true,"href":"https:\/\/timeinnportugal.com\/pt-pt\/wp-json\/wp\/v2\/product_brand?post=10334"},{"taxonomy":"product_cat","embeddable":true,"href":"https:\/\/timeinnportugal.com\/pt-pt\/wp-json\/wp\/v2\/product_cat?post=10334"},{"taxonomy":"product_tag","embeddable":true,"href":"https:\/\/timeinnportugal.com\/pt-pt\/wp-json\/wp\/v2\/product_tag?post=10334"}],"curies":[{"name":"wp","href":"https:\/\/api.w.org\/{rel}","templated":true}]}}