{"id":7430,"date":"2024-07-02T09:28:42","date_gmt":"2024-07-02T09:28:42","guid":{"rendered":"https:\/\/timeinnportugal.com\/product\/villa-mariscos\/"},"modified":"2024-07-02T09:29:04","modified_gmt":"2024-07-02T09:29:04","slug":"villa-mariscos","status":"publish","type":"product","link":"https:\/\/timeinnportugal.com\/fr\/produit\/villa-mariscos\/","title":{"rendered":"Villa Mariscos"},"content":{"rendered":"<p>Desde a ementa diversificada (saladas, peixe, carne e\u00a0marisco) \u00e0 possibilidade de um espa\u00e7o de balc\u00e3o onde o cidad\u00e3o pode conviver com os seus amigos.<\/p>\n","protected":false},"excerpt":{"rendered":"<p>Desde a ementa diversificada (saladas, peixe, carne e\u00a0marisco) \u00e0 possibilidade de um espa\u00e7o de balc\u00e3o onde o cidad\u00e3o pode conviver com os seus amigos.<\/p>\n","protected":false},"featured_media":0,"comment_status":"open","ping_status":"closed","template":"","meta":[],"product_brand":[],"product_cat":[20],"product_tag":[],"class_list":{"0":"post-7430","1":"product","2":"type-product","3":"status-publish","5":"product_cat-listeo-booking","7":"first","8":"instock","9":"virtual","10":"sold-individually","11":"purchasable","12":"product-type-listing_booking"},"jetpack_sharing_enabled":true,"_links":{"self":[{"href":"https:\/\/timeinnportugal.com\/fr\/wp-json\/wp\/v2\/product\/7430","targetHints":{"allow":["GET"]}}],"collection":[{"href":"https:\/\/timeinnportugal.com\/fr\/wp-json\/wp\/v2\/product"}],"about":[{"href":"https:\/\/timeinnportugal.com\/fr\/wp-json\/wp\/v2\/types\/product"}],"replies":[{"embeddable":true,"href":"https:\/\/timeinnportugal.com\/fr\/wp-json\/wp\/v2\/comments?post=7430"}],"wp:attachment":[{"href":"https:\/\/timeinnportugal.com\/fr\/wp-json\/wp\/v2\/media?parent=7430"}],"wp:term":[{"taxonomy":"product_brand","embeddable":true,"href":"https:\/\/timeinnportugal.com\/fr\/wp-json\/wp\/v2\/product_brand?post=7430"},{"taxonomy":"product_cat","embeddable":true,"href":"https:\/\/timeinnportugal.com\/fr\/wp-json\/wp\/v2\/product_cat?post=7430"},{"taxonomy":"product_tag","embeddable":true,"href":"https:\/\/timeinnportugal.com\/fr\/wp-json\/wp\/v2\/product_tag?post=7430"}],"curies":[{"name":"wp","href":"https:\/\/api.w.org\/{rel}","templated":true}]}}