{"id":7310,"date":"2024-07-02T09:08:59","date_gmt":"2024-07-02T09:08:59","guid":{"rendered":"https:\/\/timeinnportugal.com\/product\/o-fadista\/"},"modified":"2024-07-02T09:08:59","modified_gmt":"2024-07-02T09:08:59","slug":"o-fadista","status":"publish","type":"product","link":"https:\/\/timeinnportugal.com\/fr\/produit\/o-fadista\/","title":{"rendered":"O Fadista"},"content":{"rendered":"<p>Snack Bar \u00ab\u00a0O Fadista\u00a0\u00bb. O local ideal para fazer a sua refei\u00e7\u00e3o num ambiente calmo e acolhedor, pratos do dia com pre\u00e7os acess\u00edveis e esplanada para relaxar.<\/p>\n","protected":false},"excerpt":{"rendered":"<p>Snack Bar \u00ab\u00a0O Fadista\u00a0\u00bb. O local ideal para fazer a sua refei\u00e7\u00e3o num ambiente calmo e acolhedor, pratos do dia com pre\u00e7os acess\u00edveis e esplanada para relaxar.<\/p>\n","protected":false},"featured_media":0,"comment_status":"open","ping_status":"closed","template":"","meta":[],"product_brand":[],"product_cat":[20],"product_tag":[],"class_list":{"0":"post-7310","1":"product","2":"type-product","3":"status-publish","5":"product_cat-listeo-booking","7":"first","8":"instock","9":"virtual","10":"sold-individually","11":"purchasable","12":"product-type-listing_booking"},"jetpack_sharing_enabled":true,"_links":{"self":[{"href":"https:\/\/timeinnportugal.com\/fr\/wp-json\/wp\/v2\/product\/7310","targetHints":{"allow":["GET"]}}],"collection":[{"href":"https:\/\/timeinnportugal.com\/fr\/wp-json\/wp\/v2\/product"}],"about":[{"href":"https:\/\/timeinnportugal.com\/fr\/wp-json\/wp\/v2\/types\/product"}],"replies":[{"embeddable":true,"href":"https:\/\/timeinnportugal.com\/fr\/wp-json\/wp\/v2\/comments?post=7310"}],"wp:attachment":[{"href":"https:\/\/timeinnportugal.com\/fr\/wp-json\/wp\/v2\/media?parent=7310"}],"wp:term":[{"taxonomy":"product_brand","embeddable":true,"href":"https:\/\/timeinnportugal.com\/fr\/wp-json\/wp\/v2\/product_brand?post=7310"},{"taxonomy":"product_cat","embeddable":true,"href":"https:\/\/timeinnportugal.com\/fr\/wp-json\/wp\/v2\/product_cat?post=7310"},{"taxonomy":"product_tag","embeddable":true,"href":"https:\/\/timeinnportugal.com\/fr\/wp-json\/wp\/v2\/product_tag?post=7310"}],"curies":[{"name":"wp","href":"https:\/\/api.w.org\/{rel}","templated":true}]}}