{"id":6848,"date":"2024-06-29T18:17:49","date_gmt":"2024-06-29T18:17:49","guid":{"rendered":"https:\/\/timeinnportugal.com\/product\/midori-penha-longa-resort\/"},"modified":"2024-06-29T18:17:49","modified_gmt":"2024-06-29T18:17:49","slug":"midori-penha-longa-resort","status":"publish","type":"product","link":"https:\/\/timeinnportugal.com\/fr\/produit\/midori-penha-longa-resort\/","title":{"rendered":"Midori &#8211; Penha Longa Resort"},"content":{"rendered":"<p>No Midori encontra a liga\u00e7\u00e3o entre o Jap\u00e3o e Portugal, numa viagem de volta \u00e0s origens, onde Portugal teve uma importante influ\u00eancia na gastronomia Japonesa. Um conceito de comida Japonesa com sabores tradicionais e genu\u00ednos com influ\u00eancias actuais, onde o mais importante \u00e9 a qualidade e origem dos ingredientes.<\/p>\n","protected":false},"excerpt":{"rendered":"<p>No Midori encontra a liga\u00e7\u00e3o entre o Jap\u00e3o e Portugal, numa viagem de volta \u00e0s origens, onde Portugal teve uma importante influ\u00eancia na gastronomia Japonesa. Um conceito de comida Japonesa com sabores tradicionais e genu\u00ednos com influ\u00eancias actuais, onde o mais importante \u00e9 a qualidade e origem dos ingredientes.<\/p>\n","protected":false},"featured_media":0,"comment_status":"open","ping_status":"closed","template":"","meta":[],"product_brand":[],"product_cat":[20],"product_tag":[],"class_list":{"0":"post-6848","1":"product","2":"type-product","3":"status-publish","5":"product_cat-listeo-booking","7":"first","8":"instock","9":"virtual","10":"sold-individually","11":"purchasable","12":"product-type-listing_booking"},"jetpack_sharing_enabled":true,"_links":{"self":[{"href":"https:\/\/timeinnportugal.com\/fr\/wp-json\/wp\/v2\/product\/6848","targetHints":{"allow":["GET"]}}],"collection":[{"href":"https:\/\/timeinnportugal.com\/fr\/wp-json\/wp\/v2\/product"}],"about":[{"href":"https:\/\/timeinnportugal.com\/fr\/wp-json\/wp\/v2\/types\/product"}],"replies":[{"embeddable":true,"href":"https:\/\/timeinnportugal.com\/fr\/wp-json\/wp\/v2\/comments?post=6848"}],"wp:attachment":[{"href":"https:\/\/timeinnportugal.com\/fr\/wp-json\/wp\/v2\/media?parent=6848"}],"wp:term":[{"taxonomy":"product_brand","embeddable":true,"href":"https:\/\/timeinnportugal.com\/fr\/wp-json\/wp\/v2\/product_brand?post=6848"},{"taxonomy":"product_cat","embeddable":true,"href":"https:\/\/timeinnportugal.com\/fr\/wp-json\/wp\/v2\/product_cat?post=6848"},{"taxonomy":"product_tag","embeddable":true,"href":"https:\/\/timeinnportugal.com\/fr\/wp-json\/wp\/v2\/product_tag?post=6848"}],"curies":[{"name":"wp","href":"https:\/\/api.w.org\/{rel}","templated":true}]}}