{"id":6800,"date":"2024-06-29T18:10:47","date_gmt":"2024-06-29T18:10:47","guid":{"rendered":"https:\/\/timeinnportugal.com\/product\/moinho-dom-quixote\/"},"modified":"2024-06-29T18:10:47","modified_gmt":"2024-06-29T18:10:47","slug":"moinho-dom-quixote","status":"publish","type":"product","link":"https:\/\/timeinnportugal.com\/fr\/produit\/moinho-dom-quixote\/","title":{"rendered":"Moinho Dom Quixote"},"content":{"rendered":"<p>O ambiente de ref\u00fagio ex\u00f3tico, com a decora\u00e7\u00e3o \u00e9tnica e a vista para as serras e o mar.<\/p>\n","protected":false},"excerpt":{"rendered":"<p>O ambiente de ref\u00fagio ex\u00f3tico, com a decora\u00e7\u00e3o \u00e9tnica e a vista para as serras e o mar.<\/p>\n","protected":false},"featured_media":0,"comment_status":"open","ping_status":"closed","template":"","meta":[],"product_brand":[],"product_cat":[20],"product_tag":[],"class_list":{"0":"post-6800","1":"product","2":"type-product","3":"status-publish","5":"product_cat-listeo-booking","7":"first","8":"instock","9":"virtual","10":"sold-individually","11":"purchasable","12":"product-type-listing_booking"},"jetpack_sharing_enabled":true,"_links":{"self":[{"href":"https:\/\/timeinnportugal.com\/fr\/wp-json\/wp\/v2\/product\/6800","targetHints":{"allow":["GET"]}}],"collection":[{"href":"https:\/\/timeinnportugal.com\/fr\/wp-json\/wp\/v2\/product"}],"about":[{"href":"https:\/\/timeinnportugal.com\/fr\/wp-json\/wp\/v2\/types\/product"}],"replies":[{"embeddable":true,"href":"https:\/\/timeinnportugal.com\/fr\/wp-json\/wp\/v2\/comments?post=6800"}],"wp:attachment":[{"href":"https:\/\/timeinnportugal.com\/fr\/wp-json\/wp\/v2\/media?parent=6800"}],"wp:term":[{"taxonomy":"product_brand","embeddable":true,"href":"https:\/\/timeinnportugal.com\/fr\/wp-json\/wp\/v2\/product_brand?post=6800"},{"taxonomy":"product_cat","embeddable":true,"href":"https:\/\/timeinnportugal.com\/fr\/wp-json\/wp\/v2\/product_cat?post=6800"},{"taxonomy":"product_tag","embeddable":true,"href":"https:\/\/timeinnportugal.com\/fr\/wp-json\/wp\/v2\/product_tag?post=6800"}],"curies":[{"name":"wp","href":"https:\/\/api.w.org\/{rel}","templated":true}]}}