{"id":6317,"date":"2024-06-29T08:23:06","date_gmt":"2024-06-29T08:23:06","guid":{"rendered":"https:\/\/timeinnportugal.com\/product\/plataforma-9-3-4\/"},"modified":"2024-06-29T08:23:06","modified_gmt":"2024-06-29T08:23:06","slug":"plataforma-9-3-4","status":"publish","type":"product","link":"https:\/\/timeinnportugal.com\/fr\/produit\/plataforma-9-3-4\/","title":{"rendered":"Plataforma 9 3\/4"},"content":{"rendered":"<p>Plataforma 9 \u00be: novo restaurante inspirado em \u201cHarry Potter\u201d tem po\u00e7\u00f5es, pizzas e magia<br \/>\n\u00c9 uma viagem ao mundo fant\u00e1stico imaginado por J.K. Rowling. Assim que entrar ir\u00e1 descobrir a que equipa pertence.<\/p>\n","protected":false},"excerpt":{"rendered":"<p>Plataforma 9 \u00be: novo restaurante inspirado em \u201cHarry Potter\u201d tem po\u00e7\u00f5es, pizzas e magia \u00c9 uma viagem ao mundo fant\u00e1stico imaginado por J.K. Rowling. Assim que entrar ir\u00e1 descobrir a que equipa pertence.<\/p>\n","protected":false},"featured_media":0,"comment_status":"open","ping_status":"closed","template":"","meta":[],"product_brand":[],"product_cat":[20],"product_tag":[],"class_list":{"0":"post-6317","1":"product","2":"type-product","3":"status-publish","5":"product_cat-listeo-booking","7":"first","8":"instock","9":"virtual","10":"sold-individually","11":"purchasable","12":"product-type-listing_booking"},"jetpack_sharing_enabled":true,"_links":{"self":[{"href":"https:\/\/timeinnportugal.com\/fr\/wp-json\/wp\/v2\/product\/6317","targetHints":{"allow":["GET"]}}],"collection":[{"href":"https:\/\/timeinnportugal.com\/fr\/wp-json\/wp\/v2\/product"}],"about":[{"href":"https:\/\/timeinnportugal.com\/fr\/wp-json\/wp\/v2\/types\/product"}],"replies":[{"embeddable":true,"href":"https:\/\/timeinnportugal.com\/fr\/wp-json\/wp\/v2\/comments?post=6317"}],"wp:attachment":[{"href":"https:\/\/timeinnportugal.com\/fr\/wp-json\/wp\/v2\/media?parent=6317"}],"wp:term":[{"taxonomy":"product_brand","embeddable":true,"href":"https:\/\/timeinnportugal.com\/fr\/wp-json\/wp\/v2\/product_brand?post=6317"},{"taxonomy":"product_cat","embeddable":true,"href":"https:\/\/timeinnportugal.com\/fr\/wp-json\/wp\/v2\/product_cat?post=6317"},{"taxonomy":"product_tag","embeddable":true,"href":"https:\/\/timeinnportugal.com\/fr\/wp-json\/wp\/v2\/product_tag?post=6317"}],"curies":[{"name":"wp","href":"https:\/\/api.w.org\/{rel}","templated":true}]}}