{"id":4267,"date":"2024-06-17T13:06:43","date_gmt":"2024-06-17T13:06:43","guid":{"rendered":"https:\/\/timeinnportugal.com\/product\/dear-breakfast\/"},"modified":"2024-10-23T13:27:43","modified_gmt":"2024-10-23T13:27:43","slug":"dear-breakfast","status":"publish","type":"product","link":"https:\/\/timeinnportugal.com\/fr\/produit\/dear-breakfast\/","title":{"rendered":"Dear Breakfast"},"content":{"rendered":"<p>Dear Breakfast \u00e9 um caf\u00e9 com comidas matinais com ovos bem cozidos, caf\u00e9 requintado e suco com os quais vai querer come\u00e7ar todos os dias. A Dear Breakfast kitchen est\u00e1 aberta para os amantes do pequeno-almo\u00e7o de todo o lado, todos os dias, a partir das 9h, em quatro locais perto de si em Lisboa.<\/p>\n","protected":false},"excerpt":{"rendered":"<p>Dear Breakfast \u00e9 um caf\u00e9 com comidas matinais com ovos bem cozidos, caf\u00e9 requintado e suco com os quais vai querer come\u00e7ar todos os dias. A Dear Breakfast kitchen est\u00e1 aberta para os amantes do pequeno-almo\u00e7o de todo o lado, todos os dias, a partir das 9h, em quatro locais perto de si em Lisboa.<\/p>\n","protected":false},"featured_media":0,"comment_status":"open","ping_status":"closed","template":"","meta":[],"product_brand":[],"product_cat":[20],"product_tag":[],"class_list":{"0":"post-4267","1":"product","2":"type-product","3":"status-publish","5":"product_cat-listeo-booking","7":"first","8":"instock","9":"virtual","10":"sold-individually","11":"purchasable","12":"product-type-listing_booking"},"jetpack_sharing_enabled":true,"_links":{"self":[{"href":"https:\/\/timeinnportugal.com\/fr\/wp-json\/wp\/v2\/product\/4267","targetHints":{"allow":["GET"]}}],"collection":[{"href":"https:\/\/timeinnportugal.com\/fr\/wp-json\/wp\/v2\/product"}],"about":[{"href":"https:\/\/timeinnportugal.com\/fr\/wp-json\/wp\/v2\/types\/product"}],"replies":[{"embeddable":true,"href":"https:\/\/timeinnportugal.com\/fr\/wp-json\/wp\/v2\/comments?post=4267"}],"wp:attachment":[{"href":"https:\/\/timeinnportugal.com\/fr\/wp-json\/wp\/v2\/media?parent=4267"}],"wp:term":[{"taxonomy":"product_brand","embeddable":true,"href":"https:\/\/timeinnportugal.com\/fr\/wp-json\/wp\/v2\/product_brand?post=4267"},{"taxonomy":"product_cat","embeddable":true,"href":"https:\/\/timeinnportugal.com\/fr\/wp-json\/wp\/v2\/product_cat?post=4267"},{"taxonomy":"product_tag","embeddable":true,"href":"https:\/\/timeinnportugal.com\/fr\/wp-json\/wp\/v2\/product_tag?post=4267"}],"curies":[{"name":"wp","href":"https:\/\/api.w.org\/{rel}","templated":true}]}}