{"id":4038,"date":"2024-06-16T14:32:45","date_gmt":"2024-06-16T14:32:45","guid":{"rendered":"https:\/\/timeinnportugal.com\/product\/a-dream-spot-in-serra-da-arrabida\/"},"modified":"2024-06-16T14:35:10","modified_gmt":"2024-06-16T14:35:10","slug":"a-dream-spot-in-serra-da-arrabida","status":"publish","type":"product","link":"https:\/\/timeinnportugal.com\/fr\/produit\/a-dream-spot-in-serra-da-arrabida\/","title":{"rendered":"A dream spot in serra da arrabida"},"content":{"rendered":"<p>Sobre este espa\u00e7o<br \/>\nEste espa\u00e7o \u00fanico tem um estilo por si s\u00f3,localizado entre a serra e o mar ,<br \/>\nO espa\u00e7o<br \/>\ncasa r\u00fastica, com todo charme do campo , reformada e mobiliada com eleg\u00e2ncia ,quartos e banheiros amplos, piscina com vista para o castelo de palmela e serra d Arr\u00e1bida,<br \/>\nchurrasqueira e muitas arvores de frutas<br \/>\nAcesso dos h\u00f3spedes<br \/>\nacesso a toda area de 4.000 metros de muito verde<br \/>\nN\u00famero de registo<br \/>\n125193\/AL<\/p>\n","protected":false},"excerpt":{"rendered":"<p>Sobre este espa\u00e7o Este espa\u00e7o \u00fanico tem um estilo por si s\u00f3,localizado entre a serra e o mar , O espa\u00e7o casa r\u00fastica, com todo charme do campo , reformada e mobiliada com eleg\u00e2ncia ,quartos e banheiros amplos, piscina com vista para o castelo de palmela e serra d Arr\u00e1bida, churrasqueira e muitas arvores de [&hellip;]<\/p>\n","protected":false},"featured_media":0,"comment_status":"open","ping_status":"closed","template":"","meta":[],"product_brand":[],"product_cat":[20],"product_tag":[],"class_list":{"0":"post-4038","1":"product","2":"type-product","3":"status-publish","5":"product_cat-listeo-booking","7":"first","8":"instock","9":"virtual","10":"sold-individually","11":"purchasable","12":"product-type-listing_booking"},"jetpack_sharing_enabled":true,"_links":{"self":[{"href":"https:\/\/timeinnportugal.com\/fr\/wp-json\/wp\/v2\/product\/4038","targetHints":{"allow":["GET"]}}],"collection":[{"href":"https:\/\/timeinnportugal.com\/fr\/wp-json\/wp\/v2\/product"}],"about":[{"href":"https:\/\/timeinnportugal.com\/fr\/wp-json\/wp\/v2\/types\/product"}],"replies":[{"embeddable":true,"href":"https:\/\/timeinnportugal.com\/fr\/wp-json\/wp\/v2\/comments?post=4038"}],"wp:attachment":[{"href":"https:\/\/timeinnportugal.com\/fr\/wp-json\/wp\/v2\/media?parent=4038"}],"wp:term":[{"taxonomy":"product_brand","embeddable":true,"href":"https:\/\/timeinnportugal.com\/fr\/wp-json\/wp\/v2\/product_brand?post=4038"},{"taxonomy":"product_cat","embeddable":true,"href":"https:\/\/timeinnportugal.com\/fr\/wp-json\/wp\/v2\/product_cat?post=4038"},{"taxonomy":"product_tag","embeddable":true,"href":"https:\/\/timeinnportugal.com\/fr\/wp-json\/wp\/v2\/product_tag?post=4038"}],"curies":[{"name":"wp","href":"https:\/\/api.w.org\/{rel}","templated":true}]}}