{"id":3865,"date":"2024-06-12T10:56:29","date_gmt":"2024-06-12T10:56:29","guid":{"rendered":"https:\/\/timeinnportugal.com\/product\/fogo\/"},"modified":"2024-06-16T14:40:42","modified_gmt":"2024-06-16T14:40:42","slug":"fogo","status":"publish","type":"product","link":"https:\/\/timeinnportugal.com\/fr\/produit\/fogo\/","title":{"rendered":"Fogo"},"content":{"rendered":"<p>Tudo o que fazemos, \u00e9 feito no\u00a0fogo. Trabalhamos produtos portugueses, utilizamos t\u00e9cnicas tradicionais e criamos o nosso menu com inspira\u00e7\u00e3o nas nossas ra\u00edzes.<\/p>\n","protected":false},"excerpt":{"rendered":"<p>Tudo o que fazemos, \u00e9 feito no\u00a0fogo. Trabalhamos produtos portugueses, utilizamos t\u00e9cnicas tradicionais e criamos o nosso menu com inspira\u00e7\u00e3o nas nossas ra\u00edzes.<\/p>\n","protected":false},"featured_media":0,"comment_status":"open","ping_status":"closed","template":"","meta":[],"product_brand":[],"product_cat":[20],"product_tag":[],"class_list":{"0":"post-3865","1":"product","2":"type-product","3":"status-publish","5":"product_cat-listeo-booking","7":"first","8":"instock","9":"virtual","10":"sold-individually","11":"purchasable","12":"product-type-listing_booking"},"jetpack_sharing_enabled":true,"_links":{"self":[{"href":"https:\/\/timeinnportugal.com\/fr\/wp-json\/wp\/v2\/product\/3865","targetHints":{"allow":["GET"]}}],"collection":[{"href":"https:\/\/timeinnportugal.com\/fr\/wp-json\/wp\/v2\/product"}],"about":[{"href":"https:\/\/timeinnportugal.com\/fr\/wp-json\/wp\/v2\/types\/product"}],"replies":[{"embeddable":true,"href":"https:\/\/timeinnportugal.com\/fr\/wp-json\/wp\/v2\/comments?post=3865"}],"wp:attachment":[{"href":"https:\/\/timeinnportugal.com\/fr\/wp-json\/wp\/v2\/media?parent=3865"}],"wp:term":[{"taxonomy":"product_brand","embeddable":true,"href":"https:\/\/timeinnportugal.com\/fr\/wp-json\/wp\/v2\/product_brand?post=3865"},{"taxonomy":"product_cat","embeddable":true,"href":"https:\/\/timeinnportugal.com\/fr\/wp-json\/wp\/v2\/product_cat?post=3865"},{"taxonomy":"product_tag","embeddable":true,"href":"https:\/\/timeinnportugal.com\/fr\/wp-json\/wp\/v2\/product_tag?post=3865"}],"curies":[{"name":"wp","href":"https:\/\/api.w.org\/{rel}","templated":true}]}}