{"id":365,"date":"2024-03-02T15:21:52","date_gmt":"2024-03-02T15:21:52","guid":{"rendered":"https:\/\/timeinnportugal.com\/index.php\/product\/gleba-estoril\/"},"modified":"2024-03-02T15:21:52","modified_gmt":"2024-03-02T15:21:52","slug":"gleba-estoril","status":"publish","type":"product","link":"https:\/\/timeinnportugal.com\/fr\/produit\/gleba-estoril\/","title":{"rendered":"Gleba Estoril"},"content":{"rendered":"<p>P\u00e3o tradicional, o mais natural<\/p>\n<p>P\u00e3o de regresso \u00e0s origens, com cereais 100% portugueses, farinha pr\u00f3pria e fermenta\u00e7\u00e3o natural durante 24 horas.<\/p>\n<div class=\"pixiebrix-notifier-container\">\n<div style=\"position: fixed;z-index: 2147483647;font-family: sans-serif\"><\/div>\n<\/div>\n","protected":false},"excerpt":{"rendered":"<p>P\u00e3o tradicional, o mais natural P\u00e3o de regresso \u00e0s origens, com cereais 100% portugueses, farinha pr\u00f3pria e fermenta\u00e7\u00e3o natural durante 24 horas.<\/p>\n","protected":false},"featured_media":0,"comment_status":"open","ping_status":"closed","template":"","meta":[],"product_brand":[],"product_cat":[20],"product_tag":[],"class_list":{"0":"post-365","1":"product","2":"type-product","3":"status-publish","5":"product_cat-listeo-booking","7":"first","8":"instock","9":"virtual","10":"sold-individually","11":"purchasable","12":"product-type-listing_booking"},"jetpack_sharing_enabled":true,"_links":{"self":[{"href":"https:\/\/timeinnportugal.com\/fr\/wp-json\/wp\/v2\/product\/365","targetHints":{"allow":["GET"]}}],"collection":[{"href":"https:\/\/timeinnportugal.com\/fr\/wp-json\/wp\/v2\/product"}],"about":[{"href":"https:\/\/timeinnportugal.com\/fr\/wp-json\/wp\/v2\/types\/product"}],"replies":[{"embeddable":true,"href":"https:\/\/timeinnportugal.com\/fr\/wp-json\/wp\/v2\/comments?post=365"}],"wp:attachment":[{"href":"https:\/\/timeinnportugal.com\/fr\/wp-json\/wp\/v2\/media?parent=365"}],"wp:term":[{"taxonomy":"product_brand","embeddable":true,"href":"https:\/\/timeinnportugal.com\/fr\/wp-json\/wp\/v2\/product_brand?post=365"},{"taxonomy":"product_cat","embeddable":true,"href":"https:\/\/timeinnportugal.com\/fr\/wp-json\/wp\/v2\/product_cat?post=365"},{"taxonomy":"product_tag","embeddable":true,"href":"https:\/\/timeinnportugal.com\/fr\/wp-json\/wp\/v2\/product_tag?post=365"}],"curies":[{"name":"wp","href":"https:\/\/api.w.org\/{rel}","templated":true}]}}