{"id":14344,"date":"2025-03-05T17:57:44","date_gmt":"2025-03-05T17:57:44","guid":{"rendered":"https:\/\/timeinnportugal.com\/product\/check-up-padel\/"},"modified":"2025-03-06T21:37:28","modified_gmt":"2025-03-06T21:37:28","slug":"check-up-padel","status":"publish","type":"product","link":"https:\/\/timeinnportugal.com\/fr\/produit\/check-up-padel\/","title":{"rendered":"Padel check-up"},"content":{"rendered":"<h2>Padel check-up<\/h2>\n<p><strong>Don\u2019t wait to feel pain to act \u2013 invest in your health and play with more confidence!<\/strong><\/p>\n<p>Schedule your padel check-up now and take your game to the next level!<\/p>\n<p>With a complete assessment that includes movement, muscle strength and endurance tests, our specialized team takes care of you so you can take care of your game!<\/p>\n<p>____________________________________________________________________________<\/p>\n<p><strong>N\u00e3o espere sentir dor para agir \u2013 invista na sua sa\u00fade e jogue com mais confian\u00e7a!<\/strong><br \/>\nAgende j\u00e1 o seu check-up de padel e eleve o seu jogo ao pr\u00f3ximo n\u00edvel!<\/p>\n<p>Com uma avalia\u00e7\u00e3o completa que inclui testes de movimento, for\u00e7a muscular e resist\u00eancia, a nossa equipa especializada cuida de si para que cuide do seu jogo!<\/p>\n<p>&nbsp;<\/p>\n","protected":false},"excerpt":{"rendered":"<p>Padel check-up Don\u2019t wait to feel pain to act \u2013 invest in your health and play with more confidence! Schedule your padel check-up now and take your game to the next level! With a complete assessment that includes movement, muscle strength and endurance tests, our specialized team takes care of you so you can take [&hellip;]<\/p>\n","protected":false},"featured_media":0,"comment_status":"open","ping_status":"closed","template":"","meta":[],"product_brand":[],"product_cat":[20],"product_tag":[],"class_list":{"0":"post-14344","1":"product","2":"type-product","3":"status-publish","5":"product_cat-listeo-booking","7":"first","8":"instock","9":"virtual","10":"sold-individually","11":"purchasable","12":"product-type-listing_booking"},"jetpack_sharing_enabled":true,"_links":{"self":[{"href":"https:\/\/timeinnportugal.com\/fr\/wp-json\/wp\/v2\/product\/14344","targetHints":{"allow":["GET"]}}],"collection":[{"href":"https:\/\/timeinnportugal.com\/fr\/wp-json\/wp\/v2\/product"}],"about":[{"href":"https:\/\/timeinnportugal.com\/fr\/wp-json\/wp\/v2\/types\/product"}],"replies":[{"embeddable":true,"href":"https:\/\/timeinnportugal.com\/fr\/wp-json\/wp\/v2\/comments?post=14344"}],"wp:attachment":[{"href":"https:\/\/timeinnportugal.com\/fr\/wp-json\/wp\/v2\/media?parent=14344"}],"wp:term":[{"taxonomy":"product_brand","embeddable":true,"href":"https:\/\/timeinnportugal.com\/fr\/wp-json\/wp\/v2\/product_brand?post=14344"},{"taxonomy":"product_cat","embeddable":true,"href":"https:\/\/timeinnportugal.com\/fr\/wp-json\/wp\/v2\/product_cat?post=14344"},{"taxonomy":"product_tag","embeddable":true,"href":"https:\/\/timeinnportugal.com\/fr\/wp-json\/wp\/v2\/product_tag?post=14344"}],"curies":[{"name":"wp","href":"https:\/\/api.w.org\/{rel}","templated":true}]}}