{"id":14270,"date":"2025-02-25T15:15:03","date_gmt":"2025-02-25T15:15:03","guid":{"rendered":"https:\/\/timeinnportugal.com\/product\/lagoa-do-fogo-furnas-sao-miguel-island\/"},"modified":"2025-03-06T22:04:30","modified_gmt":"2025-03-06T22:04:30","slug":"lagoa-do-fogo-furnas-sao-miguel-island","status":"publish","type":"product","link":"https:\/\/timeinnportugal.com\/fr\/produit\/lagoa-do-fogo-furnas-sao-miguel-island\/","title":{"rendered":"Lagoa do Fogo &#038; Furnas &#8211; S\u00e3o Miguel Island"},"content":{"rendered":"<h2>Lagoa do Fogo &amp; Furnas &#8211; S\u00e3o Miguel Island<\/h2>\n<p>A display of magic. From the eruption of \u201cLagoa do Fogo\u201d to the enchanted atmosphere of \u201cFurnas\u201d, people will witness a mix of emotions and senses that unfold throughout the day. Driving between volcanoes, this tour will awaken the desire to explore the unknown, the desire to reach truly magical places.<\/p>\n<ul>\n<li>Fire Lake<\/li>\n<li>Furnas Lagoon<\/li>\n<li>\u201cPico do Ferro\u201d viewpoint<\/li>\n<li>Gorreana Tea Plantations including Tea Tasting and Slice of Homemade Pineapple Cake<\/li>\n<li>\u201cCozido\u201d lunch served at the Terra Nostra Garden Hotel restaurant<\/li>\n<li>Visit with possibility of thermal bathing in Terra Nostra Park<\/li>\n<\/ul>\n<p><strong>To know<\/strong><\/p>\n<ul>\n<li>This is a private tour with a guide\/driver in Portuguese or English.<\/li>\n<li>For different languages, we recommend an additional guide*. Please contact us.<\/li>\n<li>This tour, done by van or car, lasts the whole day.<\/li>\n<li>Maximum car capacity: 4 people, including guide\/driver. Maximum van capacity: 8 people, including guide\/driver.<\/li>\n<li>It is recommended to wear comfortable clothing.<\/li>\n<li>Lunch will be served at the Terra Nostra Hotel restaurant.<\/li>\n<\/ul>\n<p>____________________________________________________________________________<\/p>\n<p>Uma exibi\u00e7\u00e3o de magia. Desde a erup\u00e7\u00e3o da \u201cLagoa do Fogo\u201d at\u00e9 a atmosfera encantada das \u201cFurnas\u201d, as pessoas testemunhar\u00e3o um misto de emo\u00e7\u00f5es e sentidos que se desenrolam ao longo do dia. Conduzindo entre vulc\u00f5es, este tour despertar\u00e1 o desejo de explorar o desconhecido, o anseio de alcan\u00e7ar lugares verdadeiramente m\u00e1gicos.<\/p>\n<ul>\n<li>Lagoa do Fogo<\/li>\n<li>Lagoa das Furnas<\/li>\n<li>Miradouro do \u201cPico do Ferro\u201d<\/li>\n<li>Planta\u00e7\u00f5es de Ch\u00e1 Gorreana incluindo Prova de ch\u00e1 e fatia de bolo de anan\u00e1s caseiro<\/li>\n<li>Almo\u00e7o \u201cCozido\u201d servido no restaurante do Terra Nostra Garden Hotel<\/li>\n<li>Visita com possibilidade de banho termal no Parque Terra Nostra<\/li>\n<\/ul>\n<p><strong>A saber<\/strong><\/p>\n<ul>\n<li>Este \u00e9 um tour privado com um guia\/motorista em portugu\u00eas ou ingl\u00eas.<\/li>\n<li>Para diferentes idiomas, recomendamos um guia adicional*. Por favor, entre em contato connosco.<\/li>\n<li>Este tour, efetuado em carrinha ou carro, dura o dia inteiro.<\/li>\n<li>Capacidade m\u00e1xima do carro: 4 pessoas, incluindo guia\/motorista. Capacidade m\u00e1xima da carrinha: 8 pessoas, incluindo guia\/motorista.<\/li>\n<li>Recomenda-se o uso de roupas confort\u00e1veis.<\/li>\n<li>O almo\u00e7o ser\u00e1 servido no restaurante do Hotel Terra Nostra.<\/li>\n<\/ul>\n<p>&nbsp;<\/p>\n","protected":false},"excerpt":{"rendered":"<p>Lagoa do Fogo &amp; Furnas &#8211; S\u00e3o Miguel Island A display of magic. From the eruption of \u201cLagoa do Fogo\u201d to the enchanted atmosphere of \u201cFurnas\u201d, people will witness a mix of emotions and senses that unfold throughout the day. Driving between volcanoes, this tour will awaken the desire to explore the unknown, the desire [&hellip;]<\/p>\n","protected":false},"featured_media":0,"comment_status":"open","ping_status":"closed","template":"","meta":[],"product_brand":[],"product_cat":[20],"product_tag":[],"class_list":{"0":"post-14270","1":"product","2":"type-product","3":"status-publish","5":"product_cat-listeo-booking","7":"first","8":"instock","9":"virtual","10":"sold-individually","11":"purchasable","12":"product-type-listing_booking"},"jetpack_sharing_enabled":true,"_links":{"self":[{"href":"https:\/\/timeinnportugal.com\/fr\/wp-json\/wp\/v2\/product\/14270","targetHints":{"allow":["GET"]}}],"collection":[{"href":"https:\/\/timeinnportugal.com\/fr\/wp-json\/wp\/v2\/product"}],"about":[{"href":"https:\/\/timeinnportugal.com\/fr\/wp-json\/wp\/v2\/types\/product"}],"replies":[{"embeddable":true,"href":"https:\/\/timeinnportugal.com\/fr\/wp-json\/wp\/v2\/comments?post=14270"}],"wp:attachment":[{"href":"https:\/\/timeinnportugal.com\/fr\/wp-json\/wp\/v2\/media?parent=14270"}],"wp:term":[{"taxonomy":"product_brand","embeddable":true,"href":"https:\/\/timeinnportugal.com\/fr\/wp-json\/wp\/v2\/product_brand?post=14270"},{"taxonomy":"product_cat","embeddable":true,"href":"https:\/\/timeinnportugal.com\/fr\/wp-json\/wp\/v2\/product_cat?post=14270"},{"taxonomy":"product_tag","embeddable":true,"href":"https:\/\/timeinnportugal.com\/fr\/wp-json\/wp\/v2\/product_tag?post=14270"}],"curies":[{"name":"wp","href":"https:\/\/api.w.org\/{rel}","templated":true}]}}